{"id":244,"date":"2026-02-25T16:00:39","date_gmt":"2026-02-25T16:00:39","guid":{"rendered":"https:\/\/onetools-project.lu\/?page_id=244"},"modified":"2026-02-27T15:46:35","modified_gmt":"2026-02-27T15:46:35","slug":"bauteil-listen-anderungsverfolgung-mit-buildingone","status":"publish","type":"page","link":"https:\/\/onetools-project.lu\/en\/bauteil-listen-anderungsverfolgung-mit-buildingone\/","title":{"rendered":"Bauteil-Listen &amp; \u00c4nderungsverfolgung mit BuildingOne"},"content":{"rendered":"<div class=\"et_pb_section_0 et_pb_section et_section_regular et_flex_section\">\n<div class=\"et_pb_row_0 et_pb_row et_flex_row preset--module--divi-row--default\">\n<div class=\"et_pb_column_0 et_pb_column et_flex_column et_pb_css_mix_blend_mode_passthrough et_flex_column_3_5 et_flex_column_3_5_tablet et_flex_column_24_24_phone\">\n<div class=\"et_pb_text_0 et_pb_text et_pb_bg_layout_light et_pb_module et_flex_module preset--module--divi-text--default\"><div class=\"et_pb_text_inner\" data-et-mv-hidden-phone=\"true\"><p style=\"text-align: left;\">Bauteil-Listen &amp; \u00c4nderungsverfolgung mit BuildingOne<\/p>\n<\/div><\/div>\n\n<div class=\"et_pb_text_1 et_pb_text et_pb_bg_layout_light et_pb_module et_flex_module preset--module--divi-text--default\"><div class=\"et_pb_text_inner\" data-et-mv-hidden-tablet=\"true\" data-et-mv-hidden-phone=\"true\"><h1>Bauteil-Listen, die mitdenken \u2013 von der T\u00fcr bis zum Technikger\u00e4t<\/h1>\n<\/div><\/div>\n\n<div class=\"et_pb_text_2 et_pb_text et_pb_bg_layout_light et_pb_module et_flex_module preset--module--divi-text--default\"><div class=\"et_pb_text_inner\"><p style=\"text-align: justify;\">Fenster, T\u00fcren, technische Ger\u00e4te, M\u00f6bel \u2013 in jedem Geb\u00e4ude stecken hunderte von Bauteilen mit ebenso vielen Eigenschaften. BuildingOne bringt Struktur in die Datenmenge: \u00fcbersichtlich, nachvollziehbar und direkt mit Ihrem 3D-Modell verbunden.<\/p>\n<\/div><\/div>\n\n<div class=\"et_pb_module et_pb_button_module_wrapper et_pb_button_0_wrapper\"><a class=\"et_pb_button_0 et_pb_button et_pb_bg_layout_light et_pb_module et_flex_module\" href=\"#\" target=\"_blank\">Contact<\/a><\/div>\n<\/div>\n\n<div class=\"et_pb_column_1 et_pb_column et-last-child et_flex_column et_pb_css_mix_blend_mode_passthrough et_flex_column_2_5 et_flex_column_2_5_tablet et_flex_column_24_24_phone\">\n<div class=\"et_pb_image_0 et_pb_image et_pb_module et_flex_module\"><span class=\"et_pb_image_wrap\"><img loading=\"lazy\" decoding=\"async\" src=\"https:\/\/onetools-project.lu\/wp-content\/uploads\/2026\/02\/Bauteil-Liste.webp\" title=\"Bauteil-Liste\" width=\"1071\" height=\"1421\" srcset=\"https:\/\/onetools-project.lu\/wp-content\/uploads\/2026\/02\/Bauteil-Liste.webp 1071w, https:\/\/onetools-project.lu\/wp-content\/uploads\/2026\/02\/Bauteil-Liste-980x1300.webp 980w, https:\/\/onetools-project.lu\/wp-content\/uploads\/2026\/02\/Bauteil-Liste-480x637.webp 480w\" sizes=\"(min-width: 0px) and (max-width: 480px) 480px, (min-width: 481px) and (max-width: 980px) 980px, (min-width: 981px) 1071px, 100vw\" class=\"wp-image-455\" \/><\/span><\/div>\n<\/div>\n<\/div>\n<\/div>\n\n<div class=\"et_pb_section_1 et_pb_section et_section_regular et_flex_section\">\n<div class=\"et_pb_row_1 et_pb_row et_flex_row preset--module--divi-row--default\">\n<div class=\"et_pb_column_2 et_pb_column et_flex_column et_pb_css_mix_blend_mode_passthrough et_flex_column_12_24 et_flex_column_12_24_tablet et_flex_column_24_24_phone\">\n<div class=\"et_pb_group_0 et_pb_group et-last-child et_pb_module et_flex_group et_pb_css_mix_blend_mode_passthrough\">\n<div class=\"et_pb_text_3 et_pb_text et_pb_bg_layout_light et_pb_module et_flex_module preset--module--divi-text--default\"><div class=\"et_pb_text_inner\"><h2>Fenster- und T\u00fcrlisten \u2013 pr\u00e4zise und immer aktuell<\/h2>\n<\/div><\/div>\n\n<div class=\"et_pb_text_4 et_pb_text et_pb_bg_layout_light et_pb_module et_flex_module preset--module--divi-text--default\"><div class=\"et_pb_text_inner\"><p>Fenster- und T\u00fcrlisten geh\u00f6ren zu den meistgenutzten Dokumenten in der Architektur und Planung. Mit BuildingOne erstellen Sie diese automatisch aus Ihren Modelldaten \u2013 strukturiert, vollst\u00e4ndig und jederzeit aktuell. Dank der <strong>bidirektionalen Verbindung mit Revit, ArchiCAD und Vectorworks<\/strong> flie\u00dfen \u00c4nderungen im Modell direkt in die Liste ein \u2013 und umgekehrt.<\/p>\n<\/div><\/div>\n<\/div>\n<\/div>\n\n<div class=\"et_pb_column_3 et_pb_column et-last-child et_flex_column et_pb_css_mix_blend_mode_passthrough et_flex_column_12_24 et_flex_column_12_24_tablet et_flex_column_24_24_phone\">\n<div class=\"et_pb_group_1 et_pb_group et-last-child et_pb_module et_flex_group et_pb_css_mix_blend_mode_passthrough\">\n<div class=\"et_pb_text_5 et_pb_text et_pb_bg_layout_light et_pb_module et_flex_module preset--module--divi-text--default\"><div class=\"et_pb_text_inner\"><h2>\u00c4nderungen nachvollziehen \u2013 l\u00fcckenlos<\/h2>\n<\/div><\/div>\n\n<div class=\"et_pb_text_6 et_pb_text et_pb_bg_layout_light et_pb_module et_flex_module preset--module--divi-text--default\"><div class=\"et_pb_text_inner\"><p>Was wurde ge\u00e4ndert? Wann? Und welcher Wert stand vorher dort? BuildingOne speichert die <strong>komplette \u00c4nderungshistorie<\/strong> Ihrer Bauteil-Daten. So behalten Sie den \u00dcberblick \u00fcber alle Anpassungen \u2013 \u00fcber alle Planungsphasen hinweg. Ein unsch\u00e4tzbarer Vorteil, wenn es darum geht, Entscheidungen zu dokumentieren oder Fehler schnell zu finden.<\/p>\n<\/div><\/div>\n<\/div>\n<\/div>\n<\/div>\n<\/div>\n\n<div class=\"et_pb_section_2 et_pb_section et_section_regular et_flex_section\">\n<div class=\"et_pb_row_2 et_pb_row et_flex_row preset--module--divi-row--default\">\n<div class=\"et_pb_column_4 et_pb_column et_flex_column et_pb_css_mix_blend_mode_passthrough et_flex_column_12_24 et_flex_column_12_24_tablet et_flex_column_24_24_phone\">\n<div class=\"et_pb_group_2 et_pb_group et-last-child et_pb_module et_flex_group et_pb_css_mix_blend_mode_passthrough\">\n<div class=\"et_pb_text_7 et_pb_text et_pb_bg_layout_light et_pb_module et_flex_module preset--module--divi-text--default\"><div class=\"et_pb_text_inner\"><h2>Eigene Elemente erstellen \u2013 inklusive Kostenermittlung<\/h2>\n<\/div><\/div>\n\n<div class=\"et_pb_text_8 et_pb_text et_pb_bg_layout_light et_pb_module et_flex_module preset--module--divi-text--default\"><div class=\"et_pb_text_inner\"><p>Nicht alles kommt aus dem 3D-Modell. Technische Ger\u00e4te, M\u00f6bel oder andere Ausstattungselemente k\u00f6nnen direkt in BuildingOne angelegt werden \u2013 mit allen relevanten Eigenschaften wie Typ, Hersteller oder <strong>Preis<\/strong>. Definieren Sie Werte einmal im Subtypen, und BuildingOne berechnet automatisch den <strong>Gesamtpreis<\/strong> \u00fcber alle R\u00e4ume hinweg.<\/p>\n<p>Besonders in der <strong>Krankenhausplanung<\/strong> sch\u00e4tzen unsere Kunden diese Funktion, um Ausstattungskosten schnell und zuverl\u00e4ssig zu ermitteln.<\/p>\n<\/div><\/div>\n<\/div>\n<\/div>\n\n<div class=\"et_pb_column_5 et_pb_column et-last-child et_flex_column et_pb_css_mix_blend_mode_passthrough et_flex_column_12_24 et_flex_column_12_24_tablet et_flex_column_24_24_phone\">\n<div class=\"et_pb_group_3 et_pb_group et-last-child et_pb_module et_flex_group et_pb_css_mix_blend_mode_passthrough\">\n<div class=\"et_pb_text_9 et_pb_text et_pb_bg_layout_light et_pb_module et_flex_module preset--module--divi-text--default\"><div class=\"et_pb_text_inner\"><h2>Das I-T\u00fcpfelchen \u2013 Elemente direkt ins 3D-Modell \u00fcbertragen<\/h2>\n<\/div><\/div>\n\n<div class=\"et_pb_text_10 et_pb_text et_pb_bg_layout_light et_pb_module et_flex_module preset--module--divi-text--default\"><div class=\"et_pb_text_inner\"><p>Elemente, die Sie in BuildingOne erstellt haben, k\u00f6nnen \u00fcber die BuildingOne-Schnittstelle <strong>direkt in Ihr 3D-Modell \u00fcbernommen<\/strong> werden. So entsteht kein Medienbruch zwischen Planung und Modell \u2013 Ihre Daten bleiben konsistent, egal in welche Richtung Sie arbeiten.<\/p>\n<\/div><\/div>\n<\/div>\n<\/div>\n<\/div>\n<\/div>","protected":false},"excerpt":{"rendered":"","protected":false},"author":2,"featured_media":0,"parent":0,"menu_order":0,"comment_status":"closed","ping_status":"closed","template":"","meta":{"iawp_total_views":2,"footnotes":""},"dipi_cpt_category":[],"class_list":["post-244","page","type-page","status-publish","hentry"],"_links":{"self":[{"href":"https:\/\/onetools-project.lu\/en\/wp-json\/wp\/v2\/pages\/244","targetHints":{"allow":["GET"]}}],"collection":[{"href":"https:\/\/onetools-project.lu\/en\/wp-json\/wp\/v2\/pages"}],"about":[{"href":"https:\/\/onetools-project.lu\/en\/wp-json\/wp\/v2\/types\/page"}],"author":[{"embeddable":true,"href":"https:\/\/onetools-project.lu\/en\/wp-json\/wp\/v2\/users\/2"}],"replies":[{"embeddable":true,"href":"https:\/\/onetools-project.lu\/en\/wp-json\/wp\/v2\/comments?post=244"}],"version-history":[{"count":10,"href":"https:\/\/onetools-project.lu\/en\/wp-json\/wp\/v2\/pages\/244\/revisions"}],"predecessor-version":[{"id":456,"href":"https:\/\/onetools-project.lu\/en\/wp-json\/wp\/v2\/pages\/244\/revisions\/456"}],"wp:attachment":[{"href":"https:\/\/onetools-project.lu\/en\/wp-json\/wp\/v2\/media?parent=244"}],"wp:term":[{"taxonomy":"dipi_cpt_category","embeddable":true,"href":"https:\/\/onetools-project.lu\/en\/wp-json\/wp\/v2\/dipi_cpt_category?post=244"}],"curies":[{"name":"wp","href":"https:\/\/api.w.org\/{rel}","templated":true}]}}