{"id":316,"date":"2026-02-26T16:34:54","date_gmt":"2026-02-26T16:34:54","guid":{"rendered":"https:\/\/onetools-project.lu\/?page_id=316"},"modified":"2026-02-26T17:12:22","modified_gmt":"2026-02-26T17:12:22","slug":"daten-informationen-zentral-verwalten-mit-buildingone","status":"publish","type":"page","link":"https:\/\/onetools-project.lu\/en\/daten-informationen-zentral-verwalten-mit-buildingone\/","title":{"rendered":"Daten &amp; Informationen zentral verwalten mit BuildingOne"},"content":{"rendered":"<div class=\"et_pb_section_0 et_pb_section et_section_regular et_flex_section\">\n<div class=\"et_pb_row_0 et_pb_row et_flex_row preset--module--divi-row--default\">\n<div class=\"et_pb_column_0 et_pb_column et_flex_column et_pb_css_mix_blend_mode_passthrough et_flex_column_3_5 et_flex_column_3_5_tablet et_flex_column_24_24_phone\">\n<div class=\"et_pb_text_0 et_pb_text et_pb_bg_layout_light et_pb_module et_flex_module preset--module--divi-text--default\"><div class=\"et_pb_text_inner\" data-et-mv-hidden-phone=\"true\"><p style=\"text-align: left;\">Daten zentral verwalten<\/p>\n<\/div><\/div>\n\n<div class=\"et_pb_text_1 et_pb_text et_pb_bg_layout_light et_pb_module et_flex_module preset--module--divi-text--default\"><div class=\"et_pb_text_inner\" data-et-mv-hidden-phone=\"true\"><h1>Schluss mit Datensilos, Excel-Tabellen und veralteten Listen<\/h1>\n<\/div><\/div>\n\n<div class=\"et_pb_text_2 et_pb_text et_pb_bg_layout_light et_pb_module et_flex_module preset--module--divi-text--default\"><div class=\"et_pb_text_inner\"><p style=\"text-align: justify;\">Geb\u00e4udedaten entstehen an vielen Orten \u2013 im Planungsb\u00fcro, auf der Baustelle, im Betrieb. Wer diese Informationen nicht zentral verwaltet, verliert schnell den \u00dcberblick. BuildingOne bringt alle relevanten Daten an einen Ort \u2013 strukturiert, aktuell und f\u00fcr alle Beteiligten zug\u00e4nglich.<\/p>\n<\/div><\/div>\n\n<div class=\"et_pb_module et_pb_button_module_wrapper et_pb_button_0_wrapper\"><a class=\"et_pb_button_0 et_pb_button et_pb_bg_layout_light et_pb_module et_flex_module\" href=\"#\" target=\"_blank\">Contact<\/a><\/div>\n<\/div>\n\n<div class=\"et_pb_column_1 et_pb_column et-last-child et_flex_column et_pb_css_mix_blend_mode_passthrough et_flex_column_2_5 et_flex_column_2_5_tablet et_flex_column_24_24_phone\">\n<div class=\"et_pb_image_0 et_pb_image et_pb_module et_flex_module\"><span class=\"et_pb_image_wrap\"><img loading=\"lazy\" decoding=\"async\" src=\"https:\/\/onetools-project.lu\/wp-content\/uploads\/2026\/02\/HeroSection-Daten-und-Informationen.png\" title=\"Daten und Informationen\" width=\"1024\" height=\"1024\" srcset=\"https:\/\/onetools-project.lu\/wp-content\/uploads\/2026\/02\/HeroSection-Daten-und-Informationen.png 1024w, https:\/\/onetools-project.lu\/wp-content\/uploads\/2026\/02\/HeroSection-Daten-und-Informationen-980x980.png 980w, https:\/\/onetools-project.lu\/wp-content\/uploads\/2026\/02\/HeroSection-Daten-und-Informationen-480x480.png 480w\" sizes=\"(min-width: 0px) and (max-width: 480px) 480px, (min-width: 481px) and (max-width: 980px) 980px, (min-width: 981px) 1024px, 100vw\" class=\"wp-image-323\" \/><\/span><\/div>\n<\/div>\n<\/div>\n<\/div>\n\n<div class=\"et_pb_section_1 et_pb_section et_section_regular et_flex_section\">\n<div class=\"et_pb_row_1 et_pb_row et_flex_row preset--module--divi-row--default\">\n<div class=\"et_pb_column_2 et_pb_column et-last-child et_flex_column et_pb_css_mix_blend_mode_passthrough et_flex_column_24_24 et_flex_column_24_24_tablet et_flex_column_24_24_phone\">\n<div class=\"et_pb_text_3 et_pb_text et_pb_bg_layout_light et_pb_module et_flex_module preset--module--divi-text--default\"><div class=\"et_pb_text_inner\"><h2>Zentrale Datenverwaltung \u2013 kein Excel-Chaos<\/h2>\n<\/div><\/div>\n\n<div class=\"et_pb_image_1 et_pb_image et_pb_module et_flex_module\"><span class=\"et_pb_image_wrap\"><img loading=\"lazy\" decoding=\"async\" src=\"https:\/\/onetools-project.lu\/wp-content\/uploads\/2026\/02\/Raumbuch-von-Excel-zu-BO-FI-1.webp\" title=\"Raumbuch - von Excel zu BO\" width=\"1200\" height=\"628\" srcset=\"https:\/\/onetools-project.lu\/wp-content\/uploads\/2026\/02\/Raumbuch-von-Excel-zu-BO-FI-1.webp 1200w, https:\/\/onetools-project.lu\/wp-content\/uploads\/2026\/02\/Raumbuch-von-Excel-zu-BO-FI-1-980x513.webp 980w, https:\/\/onetools-project.lu\/wp-content\/uploads\/2026\/02\/Raumbuch-von-Excel-zu-BO-FI-1-480x251.webp 480w\" sizes=\"(min-width: 0px) and (max-width: 480px) 480px, (min-width: 481px) and (max-width: 980px) 980px, (min-width: 981px) 1200px, 100vw\" class=\"wp-image-318\" \/><\/span><\/div>\n\n<div class=\"et_pb_text_4 et_pb_text et_pb_bg_layout_light et_pb_module et_flex_module preset--module--divi-text--default\"><div class=\"et_pb_text_inner\"><p>Viele Unternehmen verwalten ihre Geb\u00e4udedaten noch immer in Excel-Tabellen, die m\u00fchsam gepflegt, per E-Mail verschickt und manuell zusammengef\u00fchrt werden m\u00fcssen. Das kostet Zeit, f\u00fchrt zu Fehlern und macht eine verl\u00e4ssliche Datenbasis fast unm\u00f6glich.<\/p>\n<p>BuildingOne ersetzt dieses Chaos durch eine <strong>strukturierte, zentrale Datenbankumgebung<\/strong>, in der alle Informationen konsistent gespeichert, einfach aktualisiert und jederzeit abgerufen werden k\u00f6nnen.<\/p>\n<\/div><\/div>\n<\/div>\n<\/div>\n<\/div>\n\n<div class=\"et_pb_section_2 et_pb_section et_section_regular et_flex_section\">\n<div class=\"et_pb_row_2 et_pb_row et_flex_row preset--module--divi-row--default\">\n<div class=\"et_pb_column_3 et_pb_column et-last-child et_flex_column et_pb_css_mix_blend_mode_passthrough et_flex_column_24_24 et_flex_column_24_24_tablet et_flex_column_24_24_phone\">\n<div class=\"et_pb_group_0 et_pb_group et_pb_module et_flex_group et_pb_css_mix_blend_mode_passthrough\">\n<div class=\"et_pb_row_3 et_pb_row et_pb_row_nested et_flex_row preset--module--divi-row--default\">\n<div class=\"et_pb_column_4 et_pb_column et_flex_column et_pb_css_mix_blend_mode_passthrough et_flex_column_12_24 et_flex_column_12_24_tablet et_flex_column_24_24_phone\">\n<div class=\"et_pb_group_1 et_pb_group et-last-child et_pb_module et_flex_group et_pb_css_mix_blend_mode_passthrough\">\n<div class=\"et_pb_icon_0 et_pb_icon et_pb_module et_flex_module\"><span class=\"et_pb_icon_wrap\"><span class=\"et-pb-icon\">~<\/span><\/span><\/div>\n\n<div class=\"et_pb_text_5 et_pb_text et_pb_bg_layout_light et_pb_module et_flex_module preset--module--divi-text--default\"><div class=\"et_pb_text_inner\"><h3>Zugriffsrechte &amp; Rollen<\/h3>\n<p>Nicht jeder braucht Zugriff auf alles \u2013 und manche Daten sind besonders sensibel. Mit BuildingOne lassen sich <strong>individuelle Rollen und Zugriffsrechte<\/strong> definieren: Wer darf was sehen oder bearbeiten? So behalten Sie die Kontrolle \u00fcber Ihre Daten, ohne die Zusammenarbeit zu bremsen.<\/p>\n<\/div><\/div>\n<\/div>\n<\/div>\n\n<div class=\"et_pb_column_5 et_pb_column et-last-child et_flex_column et_pb_css_mix_blend_mode_passthrough et_flex_column_12_24 et_flex_column_12_24_tablet et_flex_column_24_24_phone\">\n<div class=\"et_pb_group_2 et_pb_group et-last-child et_pb_module et_flex_group et_pb_css_mix_blend_mode_passthrough\">\n<div class=\"et_pb_icon_1 et_pb_icon et_pb_module et_flex_module\"><span class=\"et_pb_icon_wrap\"><span class=\"et-pb-icon\">l<\/span><\/span><\/div>\n\n<div class=\"et_pb_text_6 et_pb_text et_pb_bg_layout_light et_pb_module et_flex_module preset--module--divi-text--default\"><div class=\"et_pb_text_inner\"><h3>Datenintegration \u2013 flexibel und vielseitig<\/h3>\n<p>Daten kommen aus unterschiedlichen Quellen \u2013 und BuildingOne ist darauf vorbereitet. Informationen k\u00f6nnen aus bestehenden Systemen <strong>importiert<\/strong>, direkt im <strong>3D-Modell<\/strong> verkn\u00fcpft, \u00fcber die <strong>BuildingOne App<\/strong> vor Ort erfasst oder manuell eingegeben werden. So entsteht eine vollst\u00e4ndige und konsistente Datenbasis \u2013 unabh\u00e4ngig davon, wie und wo die Daten urspr\u00fcnglich entstanden sind.<\/p>\n<\/div><\/div>\n<\/div>\n<\/div>\n<\/div>\n<\/div>\n\n<div class=\"et_pb_group_3 et_pb_group et_pb_module et_flex_group et_pb_css_mix_blend_mode_passthrough\">\n<div class=\"et_pb_row_4 et_pb_row et_pb_row_nested et_flex_row preset--module--divi-row--default\">\n<div class=\"et_pb_column_6 et_pb_column et_flex_column et_pb_css_mix_blend_mode_passthrough et_flex_column_12_24 et_flex_column_12_24_tablet et_flex_column_24_24_phone\">\n<div class=\"et_pb_group_4 et_pb_group et-last-child et_pb_module et_flex_group et_pb_css_mix_blend_mode_passthrough\">\n<div class=\"et_pb_icon_2 et_pb_icon et_pb_module et_flex_module\"><span class=\"et_pb_icon_wrap\"><span class=\"et-pb-icon\">\uf1c0<\/span><\/span><\/div>\n\n<div class=\"et_pb_text_7 et_pb_text et_pb_bg_layout_light et_pb_module et_flex_module preset--module--divi-text--default\"><div class=\"et_pb_text_inner\"><h3>Offene Datenbankstruktur &amp; Systemintegration<\/h3>\n<p>BuildingOne ist kein geschlossenes System. Die <strong>offene Datenbankstruktur<\/strong> erm\u00f6glicht die Anbindung an bestehende Softwarel\u00f6sungen \u2013 ob ERP-Systeme, Datenbanken oder andere Plattformen. Daten m\u00fcssen nicht doppelt gepflegt werden, und bestehende Investitionen in IT-Infrastruktur bleiben erhalten.<\/p>\n<\/div><\/div>\n<\/div>\n<\/div>\n\n<div class=\"et_pb_column_7 et_pb_column et-last-child et_flex_column et_pb_css_mix_blend_mode_passthrough et_flex_column_12_24 et_flex_column_12_24_tablet et_flex_column_24_24_phone\">\n<div class=\"et_pb_group_5 et_pb_group et-last-child et_pb_module et_flex_group et_pb_css_mix_blend_mode_passthrough\">\n<div class=\"et_pb_icon_3 et_pb_icon et_pb_module et_flex_module\"><span class=\"et_pb_icon_wrap\"><span class=\"et-pb-icon\">U<\/span><\/span><\/div>\n\n<div class=\"et_pb_text_8 et_pb_text et_pb_bg_layout_light et_pb_module et_flex_module preset--module--divi-text--default\"><div class=\"et_pb_text_inner\"><h3>Schnelles Finden von Informationen<\/h3>\n<p>Was n\u00fctzen die besten Daten, wenn man sie nicht findet? BuildingOne bietet leistungsstarke <strong>Such- und Filterfunktionen<\/strong> sowie eine \u00fcbersichtliche <strong>Matrix-Ansicht<\/strong>, mit der sich selbst komplexe Datenmengen schnell und gezielt auswerten lassen. So finden Sie die gesuchte Information \u2013 in Sekunden, nicht in Stunden.<\/p>\n<\/div><\/div>\n<\/div>\n<\/div>\n<\/div>\n<\/div>\n\n<div class=\"et_pb_group_6 et_pb_group et-last-child et_pb_module et_flex_group et_pb_css_mix_blend_mode_passthrough\">\n<div class=\"et_pb_row_5 et_pb_row et_pb_row_nested et_flex_row preset--module--divi-row--default\">\n<div class=\"et_pb_column_8 et_pb_column et_flex_column et_pb_css_mix_blend_mode_passthrough et_flex_column_12_24 et_flex_column_12_24_tablet et_flex_column_24_24_phone\">\n<div class=\"et_pb_group_7 et_pb_group et-last-child et_pb_module et_flex_group et_pb_css_mix_blend_mode_passthrough\">\n<div class=\"et_pb_icon_4 et_pb_icon et_pb_module et_flex_module\"><span class=\"et_pb_icon_wrap\"><span class=\"et-pb-icon\">\uf201<\/span><\/span><\/div>\n\n<div class=\"et_pb_text_9 et_pb_text et_pb_bg_layout_light et_pb_module et_flex_module preset--module--divi-text--default\"><div class=\"et_pb_text_inner\"><h3>Berichte &amp; Dashboards<\/h3>\n<p>Daten entfalten ihren vollen Wert erst, wenn sie verst\u00e4ndlich aufbereitet werden. Mit BuildingOne erstellen Sie <strong>individuelle Berichte und Dashboards<\/strong>, die genau die Informationen zeigen, die f\u00fcr Ihre Entscheidungen relevant sind \u2013 aktuell, \u00fcbersichtlich und professionell.<\/p>\n<\/div><\/div>\n<\/div>\n<\/div>\n\n<div class=\"et_pb_column_9 et_pb_column et-last-child et_flex_column et_pb_column_empty et_pb_css_mix_blend_mode_passthrough et_flex_column_12_24 et_flex_column_12_24_tablet et_flex_column_24_24_phone\"><\/div>\n<\/div>\n<\/div>\n<\/div>\n<\/div>\n<\/div>","protected":false},"excerpt":{"rendered":"","protected":false},"author":2,"featured_media":0,"parent":0,"menu_order":0,"comment_status":"closed","ping_status":"closed","template":"","meta":{"iawp_total_views":3,"footnotes":""},"dipi_cpt_category":[],"class_list":["post-316","page","type-page","status-publish","hentry"],"_links":{"self":[{"href":"https:\/\/onetools-project.lu\/en\/wp-json\/wp\/v2\/pages\/316","targetHints":{"allow":["GET"]}}],"collection":[{"href":"https:\/\/onetools-project.lu\/en\/wp-json\/wp\/v2\/pages"}],"about":[{"href":"https:\/\/onetools-project.lu\/en\/wp-json\/wp\/v2\/types\/page"}],"author":[{"embeddable":true,"href":"https:\/\/onetools-project.lu\/en\/wp-json\/wp\/v2\/users\/2"}],"replies":[{"embeddable":true,"href":"https:\/\/onetools-project.lu\/en\/wp-json\/wp\/v2\/comments?post=316"}],"version-history":[{"count":6,"href":"https:\/\/onetools-project.lu\/en\/wp-json\/wp\/v2\/pages\/316\/revisions"}],"predecessor-version":[{"id":324,"href":"https:\/\/onetools-project.lu\/en\/wp-json\/wp\/v2\/pages\/316\/revisions\/324"}],"wp:attachment":[{"href":"https:\/\/onetools-project.lu\/en\/wp-json\/wp\/v2\/media?parent=316"}],"wp:term":[{"taxonomy":"dipi_cpt_category","embeddable":true,"href":"https:\/\/onetools-project.lu\/en\/wp-json\/wp\/v2\/dipi_cpt_category?post=316"}],"curies":[{"name":"wp","href":"https:\/\/api.w.org\/{rel}","templated":true}]}}