{"id":445,"date":"2026-02-27T15:01:42","date_gmt":"2026-02-27T15:01:42","guid":{"rendered":"https:\/\/onetools-project.lu\/?page_id=445"},"modified":"2026-02-27T15:01:57","modified_gmt":"2026-02-27T15:01:57","slug":"datenschutz","status":"publish","type":"page","link":"https:\/\/onetools-project.lu\/en\/datenschutz\/","title":{"rendered":"Datenschutz"},"content":{"rendered":"<div class=\"et_pb_section_0 et_pb_section et_section_regular et_flex_section\">\n<div class=\"et_pb_row_0 et_pb_row et_flex_row preset--module--divi-row--default\">\n<div class=\"et_pb_column_0 et_pb_column et-last-child et_flex_column et_pb_css_mix_blend_mode_passthrough et_flex_column_24_24 et_flex_column_24_24_tablet et_flex_column_24_24_phone\">\n<div class=\"et_pb_text_0 et_pb_text et_pb_bg_layout_light et_pb_module et_flex_module preset--module--divi-text--default\"><div class=\"et_pb_text_inner\"><header class=\"entry-header\">\n<h2 class=\"title-post entry-title\">Datenschutz und rechtliche Hinweise<\/h2>\n<\/header>\n<div class=\"entry-content\">\n<p><strong>Datenschutz<\/strong><\/p>\n<p>Die Sicherheit Ihrer personenbezogenen Daten ist uns wichtig. Wir achten deshalb darauf, dass bei Ihrem Besuch auf unserer Website alle datenschutzrechtlichen Vorgaben von uns und unseren Dienstleistern eingehalten werden.<\/p>\n<p>Die im folgenden beschriebenen Datenverarbeitungen sind f\u00fcr den Betrieb der Website erforderlich und stellen damit ein berechtigtes Interesse im Sinne von Art. 6 Abs. 1 Buchst. f der Datenschutz-Grundverordnung (DSGVO) dar.<\/p>\n<p><strong>Protokollierung<\/strong><\/p>\n<p>Bei jedem Besuch unserer Website werden die folgenden Log-Daten automatisch erfasst:<\/p>\n<ul>\n<li>IP-Adresse des Ger\u00e4tes, mit dem auf die Website zugegriffen wird,<\/li>\n<li>die Art des Browsers,<\/li>\n<li>die Webseite, die zuvor besucht wurde,<\/li>\n<li>die Systemkonfiguration sowie<\/li>\n<li>Datum und Zeitangaben.<\/li>\n<\/ul>\n<p>Die IP-Adressen werden auf dem Webserver unseres zertifizierten Dienstleisters nur gespeichert, soweit es zur Erbringung seiner Dienste erforderlich ist. IP-Adressen werden z.B. zur Erkennung und Abwehr von Angriffen maximal 7 Tage gespeichert. Ansonsten werden die IP-Adressen gel\u00f6scht oder anonymisiert. Die Daten werden ausschlie\u00dflich in Deutschland gespeichert.<\/p>\n<p><strong>Cookies<\/strong><\/p>\n<p>Bei der Benutzung unserer Website werden auf Ihrem Computer Cookies (kleine Dateien) gespeichert. Wir verwenden diese ausschlie\u00dflich dazu, Sie bei diesem und weiteren Besuchen unserer Website zu identifizieren. Die meisten Browser sind so eingestellt, dass sie die Verwendung von Cookies akzeptieren, diese Funktion kann aber durch die Einstellung des Internetbrowsers von Ihnen f\u00fcr die laufende Sitzung oder dauerhaft abgeschaltet werden.<\/p>\n<p>Dar\u00fcber hinaus verarbeiten wir nur personenbezogene Daten, die bei einer Kontaktaufnahme (z.B. Zusendung einer E-Mail, bei der Nutzung des Kontaktformulars) freiwillig zur Verf\u00fcgung gestellt werden. Diese Daten verarbeiten wir ausschlie\u00dflich f\u00fcr den angegebenen Zweck. Bei Anfragen Rund um unsere Dienstleistungen handelt es sich dabei um Verarbeitungen, die zur Durchf\u00fchrung vorvertraglicher Ma\u00dfnahmen erforderlich sind (Art. 6 Abs. 1 Buchst. b DSGVO). Bewerberdaten verarbeiten wir gem\u00e4\u00df Art. 6 Abs. 1 Buchst. b DSGVO i.V.m. \u00a7\u00a026 BDSG.<\/p>\n<p>Falls Sie noch weitere Ausk\u00fcnfte zu Ihren gespeicherten personenbezogenen Daten ben\u00f6tigen, oder deren Berichtigung, L\u00f6schung oder Sperrung verlangen, wenden Sie sich bitte an:<\/p>\n<p>OneTools Project Luxembourg s.\u00e0 r.l. (OneTools Project)<br \/>H\u00e4repesch 5<br \/>7651 Heffingen<br \/><a data-enc-email=\"vasb[at]bargbbyf-cebwrpg.yh\" target=\"_blank\" rel=\"noopener noreferrer\" class=\"mail-link\" data-wpel-link=\"ignore\"><span id=\"eeb-328320-321831\">info@onetools-project.lu<\/span><\/a><\/p>\n<p><em><\/em><\/p>\n<p><strong>Rechtliche Hinweise<\/strong><\/p>\n<p>Die Informationen und Angaben auf der Website werden von uns sorgf\u00e4ltig erstellt. F\u00fcr m\u00f6glicherweise fehlerhafte Angaben und daraus resultierende Fehlinformationen \u00fcbernimmt OneTools Project Luxembourg jedoch keine Gew\u00e4hr.<\/p>\n<p>OneTools Project Luxembourg haftet nicht f\u00fcr Sch\u00e4den, die sich aus dem Zugang oder der Benutzung dieser Website oder der mit ihr verbundenen Websites ergeben.<\/p>\n<p>Die Website kann jederzeit, ohne vorherige Ank\u00fcndigung, ge\u00e4ndert oder gel\u00f6scht werden.<\/p>\n<p><strong>Links und Verweise<\/strong><br \/>Direkte oder indirekte Verweise auf fremde Webseiten (Hyperlinks) sollen das Auffinden von zus\u00e4tzlichen oder weitergehenden Informationen erleichtern. Wir weisen hiermit ausdr\u00fccklich darauf hin, dass wir keinen Einfluss auf die Gestaltung der Inhalte, der Produkte und der Dienstleistungen der verlinkten Seiten haben und dass diese auch nicht von uns \u00fcberpr\u00fcft werden. OneTools Project Luxembourg distanziert sich hiermit ausdr\u00fccklich von den Inhalten dieser Webseiten.<\/p>\n<p>F\u00fcr die Einrichtung eines Links auf diese Webseite, dessen Inhalten und den damit verbundenen Domains ist eine vorherige Genehmigung erforderlich. Bitte nehmen Sie ggf. Kontakt mit uns auf.<\/p>\n<p><strong>Urheberrechte<\/strong><br \/>Bei der Erstellung der Website wurden die Urheberrechte der verwendeten Fotos und Grafiken beachten (siehe Bildquellenangabe im Impressum).<br \/>Medien, die von OneTools Project Luxembourg selbst erstellt und auf dieser Website ver\u00f6ffentlicht werden, sind ebenfalls urheberrechtlich gesch\u00fctzt (Copyright). Eine Vervielf\u00e4ltigung oder sonstige Verwendung ist nur mit Genehmigung von OneTools Project Luxembourg erlaubt.<\/p>\n<p><strong>Schriftarten und Webfonts<\/strong><br \/>Diese Seite verwendet zur Darstellung der Schrift sogenannte Webfonts. Diese werden von Google bereitgestellt (<a href=\"http:\/\/www.google.com\/webfonts\/\" target=\"_blank\" rel=\"noopener\">http:\/\/www.google.com\/webfonts\/<\/a>). Dazu l\u00e4dt beim aufrufen unserer Seite ihr Browser die ben\u00f6tigte Webfont in ihren Browsercache. Dies ist notwendig damit auch ihr Browser eine optisch verbesserte Darstellung unserer Texte anzeigen kann. Wenn ihr Browser diese Funktion nicht unterst\u00fctzt, wird eine Standardschrift von ihrem Computer zur Anzeige genutzt.<\/p>\n<p>Weitergehende Informationen zu Google Webfonts finden sie unter<span>\u00a0<\/span><a href=\"https:\/\/developers.google.com\/fonts\/faq?hl=de-DE&amp;csw=1\" target=\"_blank\" rel=\"noopener\">https:\/\/developers.google.com\/fonts\/faq?hl=de-DE&amp;csw=1<\/a><\/p>\n<p>Allgemeine Informationen zum Thema Datenschutz bei Google finden sie unter<span>\u00a0<\/span><a href=\"http:\/\/www.google.com\/intl\/de-DE\/policies\/privacy\/\" target=\"_blank\" rel=\"noopener\">http:\/\/www.google.com\/intl\/de-DE\/policies\/privacy\/<\/a><\/p>\n<p><strong>Schlussbemerkung<\/strong><br \/>Sollten einzelne Teile oder Formulierungen dieses Textes der geltenden Rechtslage nicht, nicht mehr oder nicht vollst\u00e4ndig entsprechen, so wird die Wirksamkeit der \u00fcbrigen Regelungen hierdurch nicht ber\u00fchrt. An die Stelle der unwirksamen Bestimmung tritt eine Ersatzregelung, die dem, mit der unwirksamen Bestimmung angestrebten, Ziel m\u00f6glichst nahe kommt. Dasselbe gilt, wenn eine erg\u00e4nzungsbed\u00fcrftige L\u00fccke nachtr\u00e4glich offenbar wird.<\/p>\n<\/div>\n<\/div><\/div>\n<\/div>\n<\/div>\n<\/div>","protected":false},"excerpt":{"rendered":"","protected":false},"author":2,"featured_media":0,"parent":0,"menu_order":0,"comment_status":"closed","ping_status":"closed","template":"","meta":{"iawp_total_views":40,"footnotes":""},"dipi_cpt_category":[],"class_list":["post-445","page","type-page","status-publish","hentry"],"_links":{"self":[{"href":"https:\/\/onetools-project.lu\/en\/wp-json\/wp\/v2\/pages\/445","targetHints":{"allow":["GET"]}}],"collection":[{"href":"https:\/\/onetools-project.lu\/en\/wp-json\/wp\/v2\/pages"}],"about":[{"href":"https:\/\/onetools-project.lu\/en\/wp-json\/wp\/v2\/types\/page"}],"author":[{"embeddable":true,"href":"https:\/\/onetools-project.lu\/en\/wp-json\/wp\/v2\/users\/2"}],"replies":[{"embeddable":true,"href":"https:\/\/onetools-project.lu\/en\/wp-json\/wp\/v2\/comments?post=445"}],"version-history":[{"count":4,"href":"https:\/\/onetools-project.lu\/en\/wp-json\/wp\/v2\/pages\/445\/revisions"}],"predecessor-version":[{"id":449,"href":"https:\/\/onetools-project.lu\/en\/wp-json\/wp\/v2\/pages\/445\/revisions\/449"}],"wp:attachment":[{"href":"https:\/\/onetools-project.lu\/en\/wp-json\/wp\/v2\/media?parent=445"}],"wp:term":[{"taxonomy":"dipi_cpt_category","embeddable":true,"href":"https:\/\/onetools-project.lu\/en\/wp-json\/wp\/v2\/dipi_cpt_category?post=445"}],"curies":[{"name":"wp","href":"https:\/\/api.w.org\/{rel}","templated":true}]}}