{"id":97,"date":"2026-02-23T15:12:30","date_gmt":"2026-02-23T15:12:30","guid":{"rendered":"https:\/\/onetools-project.lu\/?page_id=97"},"modified":"2026-03-10T15:48:29","modified_gmt":"2026-03-10T15:48:29","slug":"bim-software-architekten-planer","status":"publish","type":"page","link":"https:\/\/onetools-project.lu\/en\/bim-software-architekten-planer\/","title":{"rendered":"BuildingOne for planners and architects"},"content":{"rendered":"<div class=\"et_pb_section_0 et_pb_section et_section_regular et_flex_section\">\n<div class=\"et_pb_row_0 et_pb_row et_flex_row preset--module--divi-row--default\">\n<div class=\"et_pb_column_0 et_pb_column et-last-child et_flex_column et_pb_css_mix_blend_mode_passthrough et_flex_column_24_24 et_flex_column_24_24_tablet et_flex_column_24_24_phone\">\n<div class=\"et_pb_text_0 et_pb_text et_pb_bg_layout_light et_pb_module et_flex_module preset--module--divi-text--default\"><div class=\"et_pb_text_inner\"><p>Field of application<\/p>\n<\/div><\/div>\n\n<div class=\"et_pb_text_1 et_pb_text et_pb_bg_layout_light et_pb_module et_flex_module preset--module--divi-text--default\"><div class=\"et_pb_text_inner\"><h1>Planners &amp; Architects<\/h1>\n<\/div><\/div>\n<\/div>\n<\/div>\n<\/div>\n\n<div class=\"et_pb_section_1 et_pb_section et_section_regular et_flex_section\">\n<div class=\"et_pb_row_1 et_pb_row et_flex_row preset--module--divi-row--default\">\n<div class=\"et_pb_column_1 et_pb_column et-last-child et_flex_column et_pb_css_mix_blend_mode_passthrough et_flex_column_16_24 et_flex_column_16_24_tablet et_flex_column_24_24_phone\">\n<div class=\"et_pb_text_2 et_pb_text et_pb_bg_layout_light et_pb_module et_flex_module preset--module--divi-text--default\"><div class=\"et_pb_text_inner\" data-et-mv-hidden-tablet=\"true\" data-et-mv-hidden-phone=\"true\"><p style=\"text-align: left;\">From planning to operation \u2013 all in one solution.<\/p>\n<\/div><\/div>\n\n<div class=\"et_pb_text_3 et_pb_text et_pb_bg_layout_light et_pb_module et_flex_module preset--module--divi-text--default\"><div class=\"et_pb_text_inner\" data-et-mv-hidden-phone=\"true\"><h1>BuildingOne for<\/h1>\n<h1>Planners &amp; Architects<\/h1>\n<\/div><\/div>\n<\/div>\n<\/div>\n\n<div class=\"et_pb_row_2 et_pb_row et_flex_row preset--module--divi-row--default\">\n<div class=\"et_pb_column_2 et_pb_column et_flex_column et_pb_css_mix_blend_mode_passthrough et_flex_column_16_24 et_flex_column_16_24_tablet et_flex_column_24_24_phone\">\n<div class=\"et_pb_text_4 et_pb_text et_pb_bg_layout_light et_pb_module et_flex_module preset--module--divi-text--default\"><div class=\"et_pb_text_inner\"><p style=\"text-align: justify;\">The planning phase lays the foundation for the entire life cycle of a building. Working in a structured manner at this stage saves time, money and stress later on. BuildingOne connects directly to your 3D models from Revit, ArchiCAD and Vectorworks \u2013 bidirectionally, in real time and without data loss. This allows architects, engineers and planners to work more efficiently with building data \u2013 from initial planning to handover.<\/p>\n<\/div><\/div>\n\n<div class=\"et_pb_image_0 et_pb_image et_pb_module et_flex_module\"><span class=\"et_pb_image_wrap\"><img loading=\"lazy\" decoding=\"async\" src=\"https:\/\/onetools-project.lu\/wp-content\/uploads\/2026\/02\/Architect.png\" title=\"Architect\" width=\"1024\" height=\"1024\" srcset=\"https:\/\/onetools-project.lu\/wp-content\/uploads\/2026\/02\/Architect.png 1024w, https:\/\/onetools-project.lu\/wp-content\/uploads\/2026\/02\/Architect-980x980.png 980w, https:\/\/onetools-project.lu\/wp-content\/uploads\/2026\/02\/Architect-480x480.png 480w\" sizes=\"(min-width: 0px) and (max-width: 480px) 480px, (min-width: 481px) and (max-width: 980px) 980px, (min-width: 981px) 1024px, 100vw\" class=\"wp-image-61\" \/><\/span><\/div>\n<\/div>\n\n<div class=\"et_pb_column_3 et_pb_column et-last-child et_flex_column et_pb_css_mix_blend_mode_passthrough et_flex_column_8_24 et_flex_column_8_24_tablet et_flex_column_24_24_phone\">\n<div class=\"et_pb_group_0 et_pb_group et-last-child et_pb_module et_flex_group et_pb_css_mix_blend_mode_passthrough\">\n<div class=\"et_pb_image_1 et_pb_image et_pb_module et_flex_module\"><span class=\"et_pb_image_wrap\"><img loading=\"lazy\" decoding=\"async\" src=\"https:\/\/onetools-project.lu\/wp-content\/uploads\/2026\/02\/CTA_LetsTalk.png\" title=\"Let&#039;s talk\" width=\"1344\" height=\"768\" srcset=\"https:\/\/onetools-project.lu\/wp-content\/uploads\/2026\/02\/CTA_LetsTalk.png 1344w, https:\/\/onetools-project.lu\/wp-content\/uploads\/2026\/02\/CTA_LetsTalk-1280x731.png 1280w, https:\/\/onetools-project.lu\/wp-content\/uploads\/2026\/02\/CTA_LetsTalk-980x560.png 980w, https:\/\/onetools-project.lu\/wp-content\/uploads\/2026\/02\/CTA_LetsTalk-480x274.png 480w\" sizes=\"(min-width: 0px) and (max-width: 480px) 480px, (min-width: 481px) and (max-width: 980px) 980px, (min-width: 981px) and (max-width: 1280px) 1280px, (min-width: 1281px) 1344px, 100vw\" class=\"wp-image-101\" \/><\/span><\/div>\n\n<div class=\"et_pb_text_5 et_pb_text et_pb_bg_layout_light et_pb_module et_flex_module preset--module--divi-text--default\"><div class=\"et_pb_text_inner\"><h3>Let's schedule an appointment!<\/h3>\n<\/div><\/div>\n\n<div class=\"et_pb_module et_pb_button_module_wrapper et_pb_button_0_wrapper\"><a class=\"et_pb_button_0 et_pb_button et_pb_bg_layout_light et_pb_module et_flex_module\" href=\"https:\/\/onetools-project.lu\/en\/kontakt\/\">Contact<\/a><\/div>\n<\/div>\n<\/div>\n<\/div>\n<\/div>\n\n<div class=\"et_pb_section_2 et_pb_section et_section_regular et_flex_section\">\n<div class=\"et_pb_row_3 et_pb_row et_flex_row preset--module--divi-row--default\">\n<div class=\"et_pb_column_4 et_pb_column et-last-child et_flex_column et_pb_css_mix_blend_mode_passthrough et_flex_column_24_24 et_flex_column_24_24_tablet et_flex_column_24_24_phone\">\n<div class=\"et_pb_heading_0 et_pb_heading et_pb_module et_flex_module preset--module--divi-heading--default\"><div class=\"et_pb_heading_container\"><h1 class=\"et_pb_module_header\">The challenges we know<\/h1><\/div><\/div>\n\n<ul class=\"et_pb_icon_list_0 et_pb_icon_list et_pb_module et_flex_module\">\n<li class=\"et_pb_icon_list_item_0 et_pb_icon_list_item et_pb_module et_flex_module\"><span class=\"et-pb-icon\">\uf00d<\/span><div class=\"et_pb_icon_list_text\">Room data must be transferred manually from the model and maintained in Excel lists.<\/div><\/li>\n<\/ul>\n\n<ul class=\"et_pb_icon_list_1 et_pb_icon_list et_pb_module et_flex_module\">\n<li class=\"et_pb_icon_list_item_1 et_pb_icon_list_item et_pb_module et_flex_module\"><span class=\"et-pb-icon\">\uf00d<\/span><div class=\"et_pb_icon_list_text\">Changes to components are difficult to track \u2013 who changed what and when?<\/div><\/li>\n<\/ul>\n\n<ul class=\"et_pb_icon_list_2 et_pb_icon_list et_pb_module et_flex_module\">\n<li class=\"et_pb_icon_list_item_2 et_pb_icon_list_item et_pb_module et_flex_module\"><span class=\"et-pb-icon\">\uf00d<\/span><div class=\"et_pb_icon_list_text\">Inconsistent or incomplete data in the model will lead to errors in later planning phases.<\/div><\/li>\n<\/ul>\n\n<ul class=\"et_pb_icon_list_3 et_pb_icon_list et_pb_module et_flex_module\">\n<li class=\"et_pb_icon_list_item_3 et_pb_icon_list_item et_pb_module et_flex_module\"><span class=\"et-pb-icon\">\uf00d<\/span><div class=\"et_pb_icon_list_text\">Der \u00dcbergang von der Planung zum Betrieb geht mit Datenverlust einher.<\/div><\/li>\n<\/ul>\n\n<ul class=\"et_pb_icon_list_4 et_pb_icon_list et_pb_module et_flex_module\">\n<li class=\"et_pb_icon_list_item_4 et_pb_icon_list_item et_pb_module et_flex_module\"><span class=\"et-pb-icon\">\uf00d<\/span><div class=\"et_pb_icon_list_text\">Room books and component lists are time-consuming to create and quickly become outdated.<\/div><\/li>\n<\/ul>\n<\/div>\n<\/div>\n<\/div>\n\n<div class=\"et_pb_section_3 et_pb_section et_section_regular et_flex_section\">\n<div class=\"et_pb_row_4 et_pb_row et_flex_row preset--module--divi-row--default\">\n<div class=\"et_pb_column_5 et_pb_column et-last-child et_flex_column et_pb_css_mix_blend_mode_passthrough et_flex_column_24_24 et_flex_column_24_24_tablet et_flex_column_24_24_phone\">\n<div class=\"et_pb_heading_1 et_pb_heading et_pb_module et_flex_module preset--module--divi-heading--default\"><div class=\"et_pb_heading_container\"><h1 class=\"et_pb_module_header\">What BuildingOne does for you<\/h1><\/div><\/div>\n\n<div class=\"et_pb_text_6 et_pb_text et_pb_bg_layout_light et_pb_module et_flex_module preset--module--divi-text--default\"><div class=\"et_pb_text_inner\"><h3>\ud83d\udccb Room books directly from the model<\/h3>\n<p>No more manually maintained Excel lists. BuildingOne reads your room data directly from the 3D model and creates structured, always up-to-date room books \u2013 automatically and consistently. <em>(<a href=\"https:\/\/onetools-project.lu\/en\/raumbuch\/\">\u2192 More about room books<\/a>)<\/em><\/p>\n<h3>\ud83d\udd29 Component lists with seamless change tracking<\/h3>\n<p>Welches Bauteil wurde wann ge\u00e4ndert? Von wem? BuildingOne dokumentiert alle \u00c4nderungen nachvollziehbar und h\u00e4lt Ihre Bauteil-Listen stets auf dem aktuellen Stand \u2013 zuverl\u00e4ssig \u00fcber alle Planungsphasen hinweg. <em>(<a href=\"https:\/\/onetools-project.lu\/en\/bauteil-listen-anderungsverfolgung-mit-buildingone\/\">\u2192 More about component lists<\/a>)<\/em><\/p>\n<h3>\u2705 Data quality that helps you move forward<\/h3>\n<p>A 3D model is only as good as the data it contains. BuildingOne checks your model data for completeness and consistency \u2013 so you can identify errors before they become a problem. <em>(<a href=\"https:\/\/onetools-project.lu\/en\/datenkontrolle-mit-buildingone\/\">\u2192 More about data control<\/a>)<\/em><\/p>\n<h3>\ud83d\udd17 Seamless BIM integration<\/h3>\n<p><em>BuildingOne verbindet sich bidirektional mit Revit, ArchiCAD und Vectorworks \u2013 ohne Datenverlust. \u00c4nderungen im Modell spiegeln sich in BuildingOne wider und umgekehrt. (\u2192 Mehr zur BIM-Integration)<\/em><\/p>\n<\/div><\/div>\n<\/div>\n<\/div>\n\n<div class=\"et_pb_row_5 et_pb_row et_flex_row preset--module--divi-row--default\">\n<div class=\"et_pb_column_6 et_pb_column et-last-child et_flex_column et_pb_css_mix_blend_mode_passthrough et_flex_column_24_24 et_flex_column_24_24_tablet et_flex_column_24_24_phone\">\n<div class=\"et_pb_heading_2 et_pb_heading et_pb_module et_flex_module preset--module--divi-heading--default\"><div class=\"et_pb_heading_container\"><h1 class=\"et_pb_module_header\">Designed for the reality of planning \u2013 not just for the office<\/h1><\/div><\/div>\n\n<div class=\"et_pb_text_7 et_pb_text et_pb_bg_layout_light et_pb_module et_flex_module preset--module--divi-text--default\"><div class=\"et_pb_text_inner\"><p>BuildingOne was not designed on the drawing board. BIM integration and data management functions were developed in close collaboration with planning offices that face the challenges of complex construction projects on a daily basis. The result is a solution that really works in everyday planning \u2013 and securely transfers the data generated during planning to operations.<\/p>\n<\/div><\/div>\n\n<div class=\"et_pb_divider_0 et_pb_divider et_pb_space et_pb_divider_position_top et_pb_module\"><div class=\"et_pb_divider_internal\"><\/div><\/div>\n\n<div class=\"et_pb_heading_3 et_pb_heading et_pb_module et_flex_module preset--module--divi-heading--default\"><div class=\"et_pb_heading_container\"><h1 class=\"et_pb_module_header\">Would you like to see how BuildingOne simplifies your planning processes?<\/h1><\/div><\/div>\n\n<div class=\"et_pb_group_1 et_pb_group et-last-child et_pb_module et_flex_group et_pb_css_mix_blend_mode_passthrough\">\n<div class=\"et_pb_text_8 et_pb_text et_pb_bg_layout_light et_pb_module et_flex_module preset--module--divi-text--default\"><div class=\"et_pb_text_inner\"><p>\ud83d\udc49<\/p>\n<\/div><\/div>\n\n<div class=\"et_pb_module et_pb_button_module_wrapper et_pb_button_1_wrapper\"><a class=\"et_pb_button_1 et_pb_button et_pb_bg_layout_light et_pb_module et_flex_module\" href=\"mailto:info@onetools-project.lu?subject=Anfrage%20Demo%20BuildingOne\" target=\"_blank\">Arrange a demo<\/a><\/div>\n<\/div>\n<\/div>\n<\/div>\n<\/div>","protected":false},"excerpt":{"rendered":"","protected":false},"author":2,"featured_media":0,"parent":0,"menu_order":0,"comment_status":"closed","ping_status":"closed","template":"","meta":{"iawp_total_views":75,"footnotes":""},"dipi_cpt_category":[],"class_list":["post-97","page","type-page","status-publish","hentry"],"_links":{"self":[{"href":"https:\/\/onetools-project.lu\/en\/wp-json\/wp\/v2\/pages\/97","targetHints":{"allow":["GET"]}}],"collection":[{"href":"https:\/\/onetools-project.lu\/en\/wp-json\/wp\/v2\/pages"}],"about":[{"href":"https:\/\/onetools-project.lu\/en\/wp-json\/wp\/v2\/types\/page"}],"author":[{"embeddable":true,"href":"https:\/\/onetools-project.lu\/en\/wp-json\/wp\/v2\/users\/2"}],"replies":[{"embeddable":true,"href":"https:\/\/onetools-project.lu\/en\/wp-json\/wp\/v2\/comments?post=97"}],"version-history":[{"count":33,"href":"https:\/\/onetools-project.lu\/en\/wp-json\/wp\/v2\/pages\/97\/revisions"}],"predecessor-version":[{"id":695,"href":"https:\/\/onetools-project.lu\/en\/wp-json\/wp\/v2\/pages\/97\/revisions\/695"}],"wp:attachment":[{"href":"https:\/\/onetools-project.lu\/en\/wp-json\/wp\/v2\/media?parent=97"}],"wp:term":[{"taxonomy":"dipi_cpt_category","embeddable":true,"href":"https:\/\/onetools-project.lu\/en\/wp-json\/wp\/v2\/dipi_cpt_category?post=97"}],"curies":[{"name":"wp","href":"https:\/\/api.w.org\/{rel}","templated":true}]}}