{"id":258,"date":"2026-02-26T09:35:19","date_gmt":"2026-02-26T09:35:19","guid":{"rendered":"https:\/\/onetools-project.lu\/?page_id=258"},"modified":"2026-03-04T20:08:17","modified_gmt":"2026-03-04T20:08:17","slug":"faq","status":"publish","type":"page","link":"https:\/\/onetools-project.lu\/fr\/faq\/","title":{"rendered":"FAQ"},"content":{"rendered":"<div class=\"et_pb_section_0 et_pb_section et_section_regular et_flex_section\"><\/div>\n\n<div class=\"et_pb_section_1 et_pb_section et_section_regular et_flex_section\">\n<div class=\"et_pb_row_0 et_pb_row et_flex_row preset--module--divi-row--default\">\n<div class=\"et_pb_column_0 et_pb_column et-last-child et_flex_column et_pb_css_mix_blend_mode_passthrough et_flex_column_24_24 et_flex_column_24_24_tablet et_flex_column_24_24_phone\">\n<div class=\"et_pb_heading_0 et_pb_heading et_pb_module et_flex_module preset--module--divi-heading--default\"><div class=\"et_pb_heading_container\"><h1 class=\"et_pb_module_header\">BuildingOne<\/h1><\/div><\/div>\n\n<div class=\"dipi_faq_0 dipi_faq et_pb_bg_layout_light et_pb_module\"><div class=\"dipi-faq-wrapper dipi-faq-toggles loading \" style=\"display: none;\" data-config=\"{&quot;layout&quot;:&quot;toggles&quot;}\">\n\t\t\t\t<script type=\"application\/ld+json\">{\"@context\":\"https:\\\/\\\/schema.org\",\"@type\":\"FAQPage\",\"@id\":\"https:\\\/\\\/onetools-project.lu\\\/fr\\\/faq\\\/\",\"mainEntity\":[{\"@type\":\"Question\",\"name\":\"Gibt es BuildingOne in mehreren Sprachen?\",\"acceptedAnswer\":{\"@type\":\"Answer\",\"text\":\"<p>Ja.<\\\/p>\\n<p>Der Nutzer kann zwischen Deutsch, Franz\\u00f6sisch und Englisch w\\u00e4hlen.<\\\/p>\\n\"}},{\"@type\":\"Question\",\"name\":\"Gibt es eine Studentenversion?\",\"acceptedAnswer\":{\"@type\":\"Answer\",\"text\":\"<p>Ja, die gibt es. Auf der Seite <a href=\\\"https:\\\/\\\/onetools-project.lu\\\/studentenversion-buildingone\\\/\\\" target=\\\"_blank\\\" rel=\\\"noopener\\\">hier<\\\/a> k\\u00f6nnen Studenten eine Anfrage absenden.<\\\/p>\\n\"}},{\"@type\":\"Question\",\"name\":\"Gibt es Flyer von BuildingOne?\",\"acceptedAnswer\":{\"@type\":\"Answer\",\"text\":\"<p>Ja.<\\\/p>\\n<p>Die Flyer der verschiedenen BuildingOne Editionen und Module finden Sie hier: <a href=\\\"https:\\\/\\\/onetools-project.lu\\\/flyers\\\/\\\" target=\\\"_blank\\\" rel=\\\"noopener\\\">Flyers<\\\/a><\\\/p>\\n\"}},{\"@type\":\"Question\",\"name\":\"Kann man BuildingOne testen?\",\"acceptedAnswer\":{\"@type\":\"Answer\",\"text\":\"<p>Ja.<br \\\/>\\nHierzu gibt es mehrere M\\u00f6glichkeiten.<\\\/p>\\n<ul>\\n<li>Auf der Seite <a href=\\\"https:\\\/\\\/www.onetools.de\\\/log-in\\\/\\\" target=\\\"_blank\\\" rel=\\\"noopener\\\">https:\\\/\\\/www.onetools.de\\\/log-in\\\/<\\\/a> k\\u00f6nnen Sie sich registrieren und anschlie\\u00dfend die Testversion von BuildingOne herunter laden.<\\\/li>\\n<li>Oder, falls Sie die Anwendung etwas konkreter testen m\\u00f6chten, k\\u00f6nnen wir eine Testperiode vereinbaren, w\\u00e4hrend der Sie BuildingOne testen k\\u00f6nnen.<\\\/li>\\n<\\\/ul>\\n\"}},{\"@type\":\"Question\",\"name\":\"Preisgestaltung f\\u00fcr BuildingOne\",\"acceptedAnswer\":{\"@type\":\"Answer\",\"text\":\"<p>Es wird Sie vielleicht wunder, aber Sie k\\u00f6nnen die Lizenzen von BuildingOne kaufen!<\\\/p>\\n<p>Hierbei ist es auch egal, ob Sie 1 Projekt oder 100 Projekte bearbeiten m\\u00f6chten, oder ob Sie 100 m\\u00b2 oder 100.000 m\\u00b2 bearbeiten. Der Preis der Lizenz ist davon unabh\\u00e4ngig.<\\\/p>\\n\"}},{\"@type\":\"Question\",\"name\":\"Welche BuildingOne Editionen gibt es?\",\"acceptedAnswer\":{\"@type\":\"Answer\",\"text\":\"<p>BuildingOne gibt es in 3 Editionen:<\\\/p>\\n<ul>\\n<li style=\\\"list-style-type: none;\\\">\\n<ul>\\n<li>BuildingOne.Windows<\\\/li>\\n<li>BuildingOne.Web<\\\/li>\\n<li>BuildingOne.WebData (App)<\\\/li>\\n<\\\/ul>\\n<\\\/li>\\n<\\\/ul>\\n<p>Die Flyer finden Sie hier:\\u00a0<a href=\\\"https:\\\/\\\/onetools-project.lu\\\/flyers\\\/\\\" target=\\\"_blank\\\" rel=\\\"noopener\\\">Flyers<\\\/a><\\\/p>\\n\"}},{\"@type\":\"Question\",\"name\":\"Wo werden meine Daten gespeichert, die in BuildingOne verwaltet werden?\",\"acceptedAnswer\":{\"@type\":\"Answer\",\"text\":\"<p>In den meisten F\\u00e4llen wird BuildingOne beim Kunden auf einem internen Server installiert und somit liegen auch die Daten intern beim Kunden.<\\\/p>\\n<p>Sollten Sie nach einer SaaS-L\\u00f6sung suchen, so bieten wir nat\\u00fcrlich auch ein Hosting, auf Servern in Deutschland, an.<\\\/p>\\n\"}}]}<\/script><div class=\"dipi-faq-entry\" data-entry-number=\"0\">\n                        <div class=\"dipi-faq-title\"><i class=\"dipi-faq-icon-open\">O<\/i><i class=\"dipi-faq-icon-closed\">P<\/i><span>Gibt es BuildingOne in mehreren Sprachen?<\/span><\/div>\n                        <div class=\"dipi-faq-content\"><p>Ja.<\/p>\n<p>Der Nutzer kann zwischen Deutsch, Franz\u00f6sisch und Englisch w\u00e4hlen.<\/p>\n<\/div>\n                    <\/div><div class=\"dipi-faq-entry\" data-entry-number=\"1\">\n                        <div class=\"dipi-faq-title\"><i class=\"dipi-faq-icon-open\">O<\/i><i class=\"dipi-faq-icon-closed\">P<\/i><span>Gibt es eine Studentenversion?<\/span><\/div>\n                        <div class=\"dipi-faq-content\"><p>Ja, die gibt es. Auf der Seite <a href=\"https:\/\/onetools-project.lu\/studentenversion-buildingone\/\" target=\"_blank\" rel=\"noopener\">hier<\/a> k\u00f6nnen Studenten eine Anfrage absenden.<\/p>\n<\/div>\n                    <\/div><div class=\"dipi-faq-entry\" data-entry-number=\"2\">\n                        <div class=\"dipi-faq-title\"><i class=\"dipi-faq-icon-open\">O<\/i><i class=\"dipi-faq-icon-closed\">P<\/i><span>Gibt es Flyer von BuildingOne?<\/span><\/div>\n                        <div class=\"dipi-faq-content\"><p>Ja.<\/p>\n<p>Die Flyer der verschiedenen BuildingOne Editionen und Module finden Sie hier: <a href=\"https:\/\/onetools-project.lu\/flyers\/\" target=\"_blank\" rel=\"noopener\">Flyers<\/a><\/p>\n<\/div>\n                    <\/div><div class=\"dipi-faq-entry\" data-entry-number=\"3\">\n                        <div class=\"dipi-faq-title\"><i class=\"dipi-faq-icon-open\">O<\/i><i class=\"dipi-faq-icon-closed\">P<\/i><span>Kann man BuildingOne testen?<\/span><\/div>\n                        <div class=\"dipi-faq-content\"><p>Ja.<br \/>\nHierzu gibt es mehrere M\u00f6glichkeiten.<\/p>\n<ul>\n<li>Auf der Seite <a href=\"https:\/\/www.onetools.de\/log-in\/\" target=\"_blank\" rel=\"noopener\">https:\/\/www.onetools.de\/log-in\/<\/a> k\u00f6nnen Sie sich registrieren und anschlie\u00dfend die Testversion von BuildingOne herunter laden.<\/li>\n<li>Oder, falls Sie die Anwendung etwas konkreter testen m\u00f6chten, k\u00f6nnen wir eine Testperiode vereinbaren, w\u00e4hrend der Sie BuildingOne testen k\u00f6nnen.<\/li>\n<\/ul>\n<\/div>\n                    <\/div><div class=\"dipi-faq-entry\" data-entry-number=\"4\">\n                        <div class=\"dipi-faq-title\"><i class=\"dipi-faq-icon-open\">O<\/i><i class=\"dipi-faq-icon-closed\">P<\/i><span>Preisgestaltung f\u00fcr BuildingOne<\/span><\/div>\n                        <div class=\"dipi-faq-content\"><p>Es wird Sie vielleicht wunder, aber Sie k\u00f6nnen die Lizenzen von BuildingOne kaufen!<\/p>\n<p>Hierbei ist es auch egal, ob Sie 1 Projekt oder 100 Projekte bearbeiten m\u00f6chten, oder ob Sie 100 m\u00b2 oder 100.000 m\u00b2 bearbeiten. Der Preis der Lizenz ist davon unabh\u00e4ngig.<\/p>\n<\/div>\n                    <\/div><div class=\"dipi-faq-entry\" data-entry-number=\"5\">\n                        <div class=\"dipi-faq-title\"><i class=\"dipi-faq-icon-open\">O<\/i><i class=\"dipi-faq-icon-closed\">P<\/i><span>Welche BuildingOne Editionen gibt es?<\/span><\/div>\n                        <div class=\"dipi-faq-content\"><p>BuildingOne gibt es in 3 Editionen:<\/p>\n<ul>\n<li style=\"list-style-type: none;\">\n<ul>\n<li>BuildingOne.Windows<\/li>\n<li>BuildingOne.Web<\/li>\n<li>BuildingOne.WebData (App)<\/li>\n<\/ul>\n<\/li>\n<\/ul>\n<p>Die Flyer finden Sie hier:\u00a0<a href=\"https:\/\/onetools-project.lu\/flyers\/\" target=\"_blank\" rel=\"noopener\">Flyers<\/a><\/p>\n<\/div>\n                    <\/div><div class=\"dipi-faq-entry\" data-entry-number=\"6\">\n                        <div class=\"dipi-faq-title\"><i class=\"dipi-faq-icon-open\">O<\/i><i class=\"dipi-faq-icon-closed\">P<\/i><span>Wo werden meine Daten gespeichert, die in BuildingOne verwaltet werden?<\/span><\/div>\n                        <div class=\"dipi-faq-content\"><p>In den meisten F\u00e4llen wird BuildingOne beim Kunden auf einem internen Server installiert und somit liegen auch die Daten intern beim Kunden.<\/p>\n<p>Sollten Sie nach einer SaaS-L\u00f6sung suchen, so bieten wir nat\u00fcrlich auch ein Hosting, auf Servern in Deutschland, an.<\/p>\n<\/div>\n                    <\/div>\n\t\t\t<\/div><\/div>\n<\/div>\n<\/div>\n<\/div>","protected":false},"excerpt":{"rendered":"","protected":false},"author":2,"featured_media":0,"parent":0,"menu_order":0,"comment_status":"closed","ping_status":"closed","template":"","meta":{"iawp_total_views":20,"footnotes":""},"dipi_cpt_category":[],"class_list":["post-258","page","type-page","status-publish","hentry"],"_links":{"self":[{"href":"https:\/\/onetools-project.lu\/fr\/wp-json\/wp\/v2\/pages\/258","targetHints":{"allow":["GET"]}}],"collection":[{"href":"https:\/\/onetools-project.lu\/fr\/wp-json\/wp\/v2\/pages"}],"about":[{"href":"https:\/\/onetools-project.lu\/fr\/wp-json\/wp\/v2\/types\/page"}],"author":[{"embeddable":true,"href":"https:\/\/onetools-project.lu\/fr\/wp-json\/wp\/v2\/users\/2"}],"replies":[{"embeddable":true,"href":"https:\/\/onetools-project.lu\/fr\/wp-json\/wp\/v2\/comments?post=258"}],"version-history":[{"count":19,"href":"https:\/\/onetools-project.lu\/fr\/wp-json\/wp\/v2\/pages\/258\/revisions"}],"predecessor-version":[{"id":519,"href":"https:\/\/onetools-project.lu\/fr\/wp-json\/wp\/v2\/pages\/258\/revisions\/519"}],"wp:attachment":[{"href":"https:\/\/onetools-project.lu\/fr\/wp-json\/wp\/v2\/media?parent=258"}],"wp:term":[{"taxonomy":"dipi_cpt_category","embeddable":true,"href":"https:\/\/onetools-project.lu\/fr\/wp-json\/wp\/v2\/dipi_cpt_category?post=258"}],"curies":[{"name":"wp","href":"https:\/\/api.w.org\/{rel}","templated":true}]}}