{"id":279,"date":"2026-02-26T09:48:35","date_gmt":"2026-02-26T09:48:35","guid":{"rendered":"https:\/\/onetools-project.lu\/?page_id=279"},"modified":"2026-03-10T15:51:34","modified_gmt":"2026-03-10T15:51:34","slug":"gebaeudebetreiber-und-facility-manager","status":"publish","type":"page","link":"https:\/\/onetools-project.lu\/fr\/gebaeudebetreiber-und-facility-manager\/","title":{"rendered":"BuildingOne f\u00fcr Geb\u00e4udebetreiber &#038; Facility Manager"},"content":{"rendered":"<div class=\"et_pb_section_0 et_pb_section et_section_regular et_flex_section\">\n<div class=\"et_pb_row_0 et_pb_row et_flex_row preset--module--divi-row--default\">\n<div class=\"et_pb_column_0 et_pb_column et-last-child et_flex_column et_pb_css_mix_blend_mode_passthrough et_flex_column_24_24 et_flex_column_24_24_tablet et_flex_column_24_24_phone\">\n<div class=\"et_pb_text_0 et_pb_text et_pb_bg_layout_light et_pb_module et_flex_module preset--module--divi-text--default\"><div class=\"et_pb_text_inner\"><p>Champ d'application<\/p>\n<\/div><\/div>\n\n<div class=\"et_pb_text_1 et_pb_text et_pb_bg_layout_light et_pb_module et_flex_module preset--module--divi-text--default\"><div class=\"et_pb_text_inner\"><h1>Exploitants de b\u00e2timents et Facility Managers<\/h1>\n<\/div><\/div>\n<\/div>\n<\/div>\n<\/div>\n\n<div class=\"et_pb_section_1 et_pb_section et_section_regular et_flex_section\">\n<div class=\"et_pb_row_1 et_pb_row et_flex_row preset--module--divi-row--default\">\n<div class=\"et_pb_column_1 et_pb_column et-last-child et_flex_column et_pb_css_mix_blend_mode_passthrough et_flex_column_16_24 et_flex_column_16_24_tablet et_flex_column_24_24_phone\">\n<div class=\"et_pb_text_2 et_pb_text et_pb_bg_layout_light et_pb_module et_flex_module preset--module--divi-text--default\"><div class=\"et_pb_text_inner\" data-et-mv-hidden-tablet=\"true\" data-et-mv-hidden-phone=\"true\"><p style=\"text-align: left;\">BuildingOne pour les exploitants de b\u00e2timents et les facility managers<\/p>\n<\/div><\/div>\n\n<div class=\"et_pb_text_3 et_pb_text et_pb_bg_layout_light et_pb_module et_flex_module preset--module--divi-text--default\"><div class=\"et_pb_text_inner\" data-et-mv-hidden-phone=\"true\"><h1>Votre b\u00e2timent fonctionne. Mais avez-vous vraiment une vue d'ensemble ?<\/h1>\n<\/div><\/div>\n<\/div>\n<\/div>\n\n<div class=\"et_pb_row_2 et_pb_row et_flex_row preset--module--divi-row--default\">\n<div class=\"et_pb_column_2 et_pb_column et_flex_column et_pb_css_mix_blend_mode_passthrough et_flex_column_16_24 et_flex_column_16_24_tablet et_flex_column_24_24_phone\">\n<div class=\"et_pb_text_4 et_pb_text et_pb_bg_layout_light et_pb_module et_flex_module preset--module--divi-text--default\"><div class=\"et_pb_text_inner\"><p style=\"text-align: justify;\">Les Facility Managers sont responsables au quotidien de centaines d'installations, de locaux et de syst\u00e8mes techniques, souvent r\u00e9partis sur plusieurs sites. BuildingOne vous fournit la base num\u00e9rique dont vous avez besoin pour exploiter vos b\u00e2timents de mani\u00e8re efficace, s\u00fbre et durable.<\/p>\n<\/div><\/div>\n\n<div class=\"et_pb_image_0 et_pb_image et_pb_module et_flex_module\"><span class=\"et_pb_image_wrap\"><img loading=\"lazy\" decoding=\"async\" src=\"https:\/\/onetools-project.lu\/wp-content\/uploads\/2026\/02\/FacilityManager.png\" title=\"Facility Manager\" width=\"1024\" height=\"1024\" srcset=\"https:\/\/onetools-project.lu\/wp-content\/uploads\/2026\/02\/FacilityManager.png 1024w, https:\/\/onetools-project.lu\/wp-content\/uploads\/2026\/02\/FacilityManager-980x980.png 980w, https:\/\/onetools-project.lu\/wp-content\/uploads\/2026\/02\/FacilityManager-480x480.png 480w\" sizes=\"(min-width: 0px) and (max-width: 480px) 480px, (min-width: 481px) and (max-width: 980px) 980px, (min-width: 981px) 1024px, 100vw\" class=\"wp-image-64\" \/><\/span><\/div>\n<\/div>\n\n<div class=\"et_pb_column_3 et_pb_column et-last-child et_flex_column et_pb_css_mix_blend_mode_passthrough et_flex_column_8_24 et_flex_column_8_24_tablet et_flex_column_24_24_phone\">\n<div class=\"et_pb_group_0 et_pb_group et-last-child et_pb_module et_flex_group et_pb_css_mix_blend_mode_passthrough\">\n<div class=\"et_pb_image_1 et_pb_image et_pb_module et_flex_module\"><span class=\"et_pb_image_wrap\"><img loading=\"lazy\" decoding=\"async\" src=\"https:\/\/onetools-project.lu\/wp-content\/uploads\/2026\/02\/CTA_LetsTalk.png\" title=\"Let&#039;s talk\" width=\"1344\" height=\"768\" srcset=\"https:\/\/onetools-project.lu\/wp-content\/uploads\/2026\/02\/CTA_LetsTalk.png 1344w, https:\/\/onetools-project.lu\/wp-content\/uploads\/2026\/02\/CTA_LetsTalk-1280x731.png 1280w, https:\/\/onetools-project.lu\/wp-content\/uploads\/2026\/02\/CTA_LetsTalk-980x560.png 980w, https:\/\/onetools-project.lu\/wp-content\/uploads\/2026\/02\/CTA_LetsTalk-480x274.png 480w\" sizes=\"(min-width: 0px) and (max-width: 480px) 480px, (min-width: 481px) and (max-width: 980px) 980px, (min-width: 981px) and (max-width: 1280px) 1280px, (min-width: 1281px) 1344px, 100vw\" class=\"wp-image-101\" \/><\/span><\/div>\n\n<div class=\"et_pb_text_5 et_pb_text et_pb_bg_layout_light et_pb_module et_flex_module preset--module--divi-text--default\"><div class=\"et_pb_text_inner\"><h3>Prenons rendez-vous !<\/h3>\n<\/div><\/div>\n\n<div class=\"et_pb_module et_pb_button_module_wrapper et_pb_button_0_wrapper\"><a class=\"et_pb_button_0 et_pb_button et_pb_bg_layout_light et_pb_module et_flex_module\" href=\"https:\/\/onetools-project.lu\/fr\/kontakt\/\">Contact<\/a><\/div>\n<\/div>\n<\/div>\n<\/div>\n<\/div>\n\n<div class=\"et_pb_section_2 et_pb_section et_section_regular et_flex_section\">\n<div class=\"et_pb_row_3 et_pb_row et_flex_row preset--module--divi-row--default\">\n<div class=\"et_pb_column_4 et_pb_column et-last-child et_flex_column et_pb_css_mix_blend_mode_passthrough et_flex_column_24_24 et_flex_column_24_24_tablet et_flex_column_24_24_phone\">\n<div class=\"et_pb_heading_0 et_pb_heading et_pb_module et_flex_module preset--module--divi-heading--default\"><div class=\"et_pb_heading_container\"><h1 class=\"et_pb_module_header\">Les d\u00e9fis que nous connaissons<\/h1><\/div><\/div>\n\n<ul class=\"et_pb_icon_list_0 et_pb_icon_list et_pb_module et_flex_module\">\n<li class=\"et_pb_icon_list_item_0 et_pb_icon_list_item et_pb_module et_flex_module\"><span class=\"et-pb-icon\">\uf00d<\/span><div class=\"et_pb_icon_list_text\">Les intervalles de maintenance sont non respect\u00e9s en raison d'informations manquantes ou obsol\u00e8tes.<\/div><\/li>\n<\/ul>\n\n<ul class=\"et_pb_icon_list_1 et_pb_icon_list et_pb_module et_flex_module\">\n<li class=\"et_pb_icon_list_item_1 et_pb_icon_list_item et_pb_module et_flex_module\"><span class=\"et-pb-icon\">\uf00d<\/span><div class=\"et_pb_icon_list_text\">Les donn\u00e9es relatives aux installations sont stock\u00e9es dans diff\u00e9rents syst\u00e8mes, dans des tableaux Excel ou m\u00eame sur papier.<\/div><\/li>\n<\/ul>\n\n<ul class=\"et_pb_icon_list_2 et_pb_icon_list et_pb_module et_flex_module\">\n<li class=\"et_pb_icon_list_item_2 et_pb_icon_list_item et_pb_module et_flex_module\"><span class=\"et-pb-icon\">\uf00d<\/span><div class=\"et_pb_icon_list_text\">Les nouveaux collaborateurs ont du mal \u00e0 s'y retrouver, car les connaissances ne sont pas document\u00e9es.<\/div><\/li>\n<\/ul>\n\n<ul class=\"et_pb_icon_list_3 et_pb_icon_list et_pb_module et_flex_module\">\n<li class=\"et_pb_icon_list_item_3 et_pb_icon_list_item et_pb_module et_flex_module\"><span class=\"et-pb-icon\">\uf00d<\/span><div class=\"et_pb_icon_list_text\">Les justificatifs et documents administratifs demandent un temps disproportionn\u00e9.<\/div><\/li>\n<\/ul>\n\n<ul class=\"et_pb_icon_list_4 et_pb_icon_list et_pb_module et_flex_module\">\n<li class=\"et_pb_icon_list_item_4 et_pb_icon_list_item et_pb_module et_flex_module\"><span class=\"et-pb-icon\">\uf00d<\/span><div class=\"et_pb_icon_list_text\">Il est difficile d'avoir une vue d'ensemble de plusieurs sites.<\/div><\/li>\n<\/ul>\n\n<div class=\"et_pb_text_6 et_pb_text et_pb_bg_layout_light et_pb_module et_flex_module preset--module--divi-text--default\"><div class=\"et_pb_text_inner\"><p>Cela vous semble familier ? Alors BuildingOne est la solution qu'il vous faut.<\/p>\n<\/div><\/div>\n<\/div>\n<\/div>\n<\/div>\n\n<div class=\"et_pb_section_3 et_pb_section et_section_regular et_flex_section\">\n<div class=\"et_pb_row_4 et_pb_row et_flex_row preset--module--divi-row--default\">\n<div class=\"et_pb_column_5 et_pb_column et-last-child et_flex_column et_pb_css_mix_blend_mode_passthrough et_flex_column_24_24 et_flex_column_24_24_tablet et_flex_column_24_24_phone\">\n<div class=\"et_pb_heading_1 et_pb_heading et_pb_module et_flex_module preset--module--divi-heading--default\"><div class=\"et_pb_heading_container\"><h1 class=\"et_pb_module_header\">Ce que BuildingOne peut faire pour vous<\/h1><\/div><\/div>\n\n<div class=\"et_pb_text_7 et_pb_text et_pb_bg_layout_light et_pb_module et_flex_module preset--module--divi-text--default\"><div class=\"et_pb_text_inner\"><h3>\ud83d\udccb Donn\u00e9es structur\u00e9es sur les actifs et les immobilisations<\/h3>\n<p>Toutes les informations relatives aux pi\u00e8ces, aux composants et aux installations techniques sont stock\u00e9es de mani\u00e8re centralis\u00e9e, structur\u00e9e et actualis\u00e9e, et peuvent \u00eatre consult\u00e9es \u00e0 tout moment. Plus besoin de chercher dans des listes obsol\u00e8tes. (<em><a href=\"https:\/\/onetools-project.lu\/fr\/daten-informationen-zentral-verwalten-mit-buildingone\/\">\u2192 En savoir plus sur la gestion centralis\u00e9e des donn\u00e9es<\/a>)<\/em><\/p>\n<h3>\ud83d\udd27 Entretien et maintenance<\/h3>\n<p>Planifiez et suivez les intervalles de maintenance directement dans BuildingOne. Les t\u00e2ches sont automatiquement attribu\u00e9es, les d\u00e9lais surveill\u00e9s et les travaux effectu\u00e9s document\u00e9s, de mani\u00e8re exhaustive et tra\u00e7able.<\/p>\n<h3>\ud83d\udccd Saisie mobile des donn\u00e9es et inventaire sur place<\/h3>\n<p>Avec l'application BuildingOne, vos collaborateurs saisissent les informations directement sur place, \u00e0 l'aide d'un smartphone ou d'une tablette. Les codes QR permettent d'acc\u00e9der rapidement \u00e0 toutes les donn\u00e9es pertinentes concernant une pi\u00e8ce ou une installation. Les inventaires peuvent \u00eatre r\u00e9alis\u00e9s efficacement directement sur place, puis les \u00e9l\u00e9ments enregistr\u00e9s peuvent \u00eatre transf\u00e9r\u00e9s de mani\u00e8re transparente dans le mod\u00e8le 3D num\u00e9rique. <em>(<a href=\"https:\/\/onetools-project.lu\/fr\/project\/inventar-durch-onetools-project\/\">\u2192 Mehr zu unserer App-gest\u00fctzten Inventar<\/a> | <a href=\"https:\/\/onetools-project.lu\/fr\/project\/digitale-bestandsaufnahme\/\">\u2192 Mehr zur digitalen Bestandsaufnahme<\/a>)<\/em><\/p>\n<h3>\ud83c\udfe2 Plusieurs sites \u2013 une seule plateforme<\/h3>\n<p>Qu'il s'agisse d'un b\u00e2timent ou d'un portefeuille complet, BuildingOne vous offre une vue d'ensemble uniforme de tous vos biens immobiliers, avec des donn\u00e9es coh\u00e9rentes et des structures comparables.<\/p>\n<h3>\ud83d\udcc4 Documentation et justificatifs<\/h3>\n<p>Rapports d'essai, justificatifs d'entretien, certificats : tout est directement li\u00e9 au composant ou \u00e0 l'installation concern\u00e9(e) et disponible en un clic.<\/p>\n<h3>\ud83e\uddf9 Pr\u00e9parer les appels d'offres<\/h3>\n<p>Utilisez BuildingOne pour pr\u00e9parer vos appels d'offres, par exemple pour le nettoyage de b\u00e2timents. Les pi\u00e8ces et les surfaces peuvent \u00eatre color\u00e9es et class\u00e9es directement dans les plans, de sorte que toutes les informations pertinentes soient disponibles de mani\u00e8re structur\u00e9e et compr\u00e9hensible pour l'appel d'offres. <em>(\u2192 Mehr zu unserem Planservice)<\/em><\/p>\n<h3>\ud83d\udcb6 Facturation des surfaces pour la comptabilit\u00e9<\/h3>\n<p>Les surfaces sont enregistr\u00e9es et class\u00e9es avec pr\u00e9cision dans BuildingOne, ce qui constitue une base fiable pour la facturation interne, les centres de co\u00fbts ou la collaboration avec le service comptable.<\/p>\n<h3>\ud83c\udfe0 Module locataire<\/h3>\n<p>G\u00e9rez les surfaces lou\u00e9es, les donn\u00e9es des locataires et les informations relatives aux surfaces directement dans BuildingOne : de mani\u00e8re claire, actualis\u00e9e et en lien avec les donn\u00e9es r\u00e9elles du plan de votre b\u00e2timent.<\/p>\n<h3>\ud83d\udd11 Module cl\u00e9<\/h3>\n<p>Gardez une vue d'ensemble de toutes les cl\u00e9s et autorisations d'acc\u00e8s dans votre b\u00e2timent. Le module cl\u00e9s permet une gestion structur\u00e9e et une documentation compl\u00e8te, pour plus de s\u00e9curit\u00e9 et de contr\u00f4le.<\/p>\n<h3>\ud83d\udd17 Int\u00e9gration dans les syst\u00e8mes existants<\/h3>\n<p>BuildingOne s'int\u00e8gre \u00e0 votre environnement informatique existant. Qu'il s'agisse de CAFM, ERP ou d'autres plateformes, la structure ouverte de la base de donn\u00e9es permet une connexion fluide.<\/p>\n<\/div><\/div>\n<\/div>\n<\/div>\n\n<div class=\"et_pb_row_5 et_pb_row et_flex_row preset--module--divi-row--default\">\n<div class=\"et_pb_column_6 et_pb_column et-last-child et_flex_column et_pb_css_mix_blend_mode_passthrough et_flex_column_24_24 et_flex_column_24_24_tablet et_flex_column_24_24_phone\">\n<div class=\"et_pb_heading_2 et_pb_heading et_pb_module et_flex_module preset--module--divi-heading--default\"><div class=\"et_pb_heading_container\"><h1 class=\"et_pb_module_header\">D\u00e9velopp\u00e9 en collaboration avec des professionnels du Facility Management<\/h1><\/div><\/div>\n\n<div class=\"et_pb_text_8 et_pb_text et_pb_bg_layout_light et_pb_module et_flex_module preset--module--divi-text--default\"><div class=\"et_pb_text_inner\"><p>Le module de maintenance de BuildingOne a \u00e9t\u00e9 d\u00e9velopp\u00e9 en collaboration avec l'une des principales soci\u00e9t\u00e9s europ\u00e9ennes sp\u00e9cialis\u00e9es dans la gestion des installations techniques, qui assure la gestion technique et infrastructurelle de milliers de biens immobiliers dans plusieurs pays europ\u00e9ens. Les fonctionnalit\u00e9s d\u00e9velopp\u00e9es conjointement refl\u00e8tent les exigences qui comptent vraiment dans la pratique.<\/p>\n<\/div><\/div>\n\n<div class=\"et_pb_divider_0 et_pb_divider et_pb_space et_pb_divider_position_top et_pb_module\"><div class=\"et_pb_divider_internal\"><\/div><\/div>\n\n<div class=\"et_pb_heading_3 et_pb_heading et_pb_module et_flex_module preset--module--divi-heading--default\"><div class=\"et_pb_heading_container\"><h1 class=\"et_pb_module_header\">Pr\u00eat \u00e0 faire passer la gestion de vos b\u00e2timents au niveau sup\u00e9rieur ?<\/h1><\/div><\/div>\n\n<div class=\"et_pb_group_1 et_pb_group et-last-child et_pb_module et_flex_group et_pb_css_mix_blend_mode_passthrough\">\n<div class=\"et_pb_text_9 et_pb_text et_pb_bg_layout_light et_pb_module et_flex_module preset--module--divi-text--default\"><div class=\"et_pb_text_inner\"><p>\ud83d\udc49<\/p>\n<\/div><\/div>\n\n<div class=\"et_pb_module et_pb_button_module_wrapper et_pb_button_1_wrapper\"><a class=\"et_pb_button_1 et_pb_button et_pb_bg_layout_light et_pb_module et_flex_module\" href=\"mailto:info@onetools-project.lu?subject=Anfrage%20Demo%20BuildingOne\" target=\"_blank\">Demande de d\u00e9mo<\/a><\/div>\n<\/div>\n<\/div>\n<\/div>\n<\/div>","protected":false},"excerpt":{"rendered":"","protected":false},"author":2,"featured_media":0,"parent":0,"menu_order":0,"comment_status":"closed","ping_status":"closed","template":"","meta":{"iawp_total_views":53,"footnotes":""},"dipi_cpt_category":[],"class_list":["post-279","page","type-page","status-publish","hentry"],"_links":{"self":[{"href":"https:\/\/onetools-project.lu\/fr\/wp-json\/wp\/v2\/pages\/279","targetHints":{"allow":["GET"]}}],"collection":[{"href":"https:\/\/onetools-project.lu\/fr\/wp-json\/wp\/v2\/pages"}],"about":[{"href":"https:\/\/onetools-project.lu\/fr\/wp-json\/wp\/v2\/types\/page"}],"author":[{"embeddable":true,"href":"https:\/\/onetools-project.lu\/fr\/wp-json\/wp\/v2\/users\/2"}],"replies":[{"embeddable":true,"href":"https:\/\/onetools-project.lu\/fr\/wp-json\/wp\/v2\/comments?post=279"}],"version-history":[{"count":27,"href":"https:\/\/onetools-project.lu\/fr\/wp-json\/wp\/v2\/pages\/279\/revisions"}],"predecessor-version":[{"id":727,"href":"https:\/\/onetools-project.lu\/fr\/wp-json\/wp\/v2\/pages\/279\/revisions\/727"}],"wp:attachment":[{"href":"https:\/\/onetools-project.lu\/fr\/wp-json\/wp\/v2\/media?parent=279"}],"wp:term":[{"taxonomy":"dipi_cpt_category","embeddable":true,"href":"https:\/\/onetools-project.lu\/fr\/wp-json\/wp\/v2\/dipi_cpt_category?post=279"}],"curies":[{"name":"wp","href":"https:\/\/api.w.org\/{rel}","templated":true}]}}