{"id":339,"date":"2026-02-26T19:47:34","date_gmt":"2026-02-26T19:47:34","guid":{"rendered":"https:\/\/onetools-project.lu\/?page_id=339"},"modified":"2026-03-10T15:55:14","modified_gmt":"2026-03-10T15:55:14","slug":"technische-dienstleister","status":"publish","type":"page","link":"https:\/\/onetools-project.lu\/fr\/technische-dienstleister\/","title":{"rendered":"BuildingOne pour les prestataires de services techniques"},"content":{"rendered":"<div class=\"et_pb_section_0 et_pb_section et_section_regular et_flex_section\">\n<div class=\"et_pb_row_0 et_pb_row et_flex_row preset--module--divi-row--default\">\n<div class=\"et_pb_column_0 et_pb_column et-last-child et_flex_column et_pb_css_mix_blend_mode_passthrough et_flex_column_24_24 et_flex_column_24_24_tablet et_flex_column_24_24_phone\">\n<div class=\"et_pb_text_0 et_pb_text et_pb_bg_layout_light et_pb_module et_flex_module preset--module--divi-text--default\"><div class=\"et_pb_text_inner\"><p>Champ d'application<\/p>\n<\/div><\/div>\n\n<div class=\"et_pb_text_1 et_pb_text et_pb_bg_layout_light et_pb_module et_flex_module preset--module--divi-text--default\"><div class=\"et_pb_text_inner\"><h1>Prestataires de services techniques<\/h1>\n<\/div><\/div>\n<\/div>\n<\/div>\n<\/div>\n\n<div class=\"et_pb_section_1 et_pb_section et_section_regular et_flex_section\">\n<div class=\"et_pb_row_1 et_pb_row et_flex_row preset--module--divi-row--default\">\n<div class=\"et_pb_column_1 et_pb_column et-last-child et_flex_column et_pb_css_mix_blend_mode_passthrough et_flex_column_16_24 et_flex_column_16_24_tablet et_flex_column_24_24_phone\">\n<div class=\"et_pb_text_2 et_pb_text et_pb_bg_layout_light et_pb_module et_flex_module preset--module--divi-text--default\"><div class=\"et_pb_text_inner\" data-et-mv-hidden-tablet=\"true\" data-et-mv-hidden-phone=\"true\"><p style=\"text-align: left;\">BuildingOne pour les prestataires de services techniques<\/p>\n<\/div><\/div>\n\n<div class=\"et_pb_text_3 et_pb_text et_pb_bg_layout_light et_pb_module et_flex_module preset--module--divi-text--default\"><div class=\"et_pb_text_inner\" data-et-mv-hidden-phone=\"true\"><h1>Plus efficace sur place. Plus convaincant aupr\u00e8s du client.<\/h1>\n<\/div><\/div>\n<\/div>\n<\/div>\n\n<div class=\"et_pb_row_2 et_pb_row et_flex_row preset--module--divi-row--default\">\n<div class=\"et_pb_column_2 et_pb_column et_flex_column et_pb_css_mix_blend_mode_passthrough et_flex_column_16_24 et_flex_column_16_24_tablet et_flex_column_24_24_phone\">\n<div class=\"et_pb_text_4 et_pb_text et_pb_bg_layout_light et_pb_module et_flex_module preset--module--divi-text--default\"><div class=\"et_pb_text_inner\"><p style=\"text-align: justify;\" class=\"translation-block\">Logiciel pour prestataires techniques \u2013 c'est BuildingOne. \nD\u00e9lais serr\u00e9s, installations complexes, exigences de documentation \n\u00e9lev\u00e9es : BuildingOne donne \u00e0 votre \u00e9quipe les outils num\u00e9riques \npour traiter les mandats plus rapidement, saisir les donn\u00e9es \ncorrectement et convaincre vos clients avec des rapports professionnels.<\/p>\n<\/div><\/div>\n\n<div class=\"et_pb_image_0 et_pb_image et_pb_module et_flex_module\"><span class=\"et_pb_image_wrap\"><img loading=\"lazy\" decoding=\"async\" src=\"https:\/\/onetools-project.lu\/wp-content\/uploads\/2026\/02\/ServiceProvider.png\" title=\"Service provider\" width=\"1024\" height=\"1024\" srcset=\"https:\/\/onetools-project.lu\/wp-content\/uploads\/2026\/02\/ServiceProvider.png 1024w, https:\/\/onetools-project.lu\/wp-content\/uploads\/2026\/02\/ServiceProvider-980x980.png 980w, https:\/\/onetools-project.lu\/wp-content\/uploads\/2026\/02\/ServiceProvider-480x480.png 480w\" sizes=\"(min-width: 0px) and (max-width: 480px) 480px, (min-width: 481px) and (max-width: 980px) 980px, (min-width: 981px) 1024px, 100vw\" class=\"wp-image-63\" \/><\/span><\/div>\n<\/div>\n\n<div class=\"et_pb_column_3 et_pb_column et-last-child et_flex_column et_pb_css_mix_blend_mode_passthrough et_flex_column_8_24 et_flex_column_8_24_tablet et_flex_column_24_24_phone\">\n<div class=\"et_pb_group_0 et_pb_group et-last-child et_pb_module et_flex_group et_pb_css_mix_blend_mode_passthrough\">\n<div class=\"et_pb_image_1 et_pb_image et_pb_module et_flex_module\"><span class=\"et_pb_image_wrap\"><img loading=\"lazy\" decoding=\"async\" src=\"https:\/\/onetools-project.lu\/wp-content\/uploads\/2026\/02\/CTA_LetsTalk.png\" title=\"Let&#039;s talk\" width=\"1344\" height=\"768\" srcset=\"https:\/\/onetools-project.lu\/wp-content\/uploads\/2026\/02\/CTA_LetsTalk.png 1344w, https:\/\/onetools-project.lu\/wp-content\/uploads\/2026\/02\/CTA_LetsTalk-1280x731.png 1280w, https:\/\/onetools-project.lu\/wp-content\/uploads\/2026\/02\/CTA_LetsTalk-980x560.png 980w, https:\/\/onetools-project.lu\/wp-content\/uploads\/2026\/02\/CTA_LetsTalk-480x274.png 480w\" sizes=\"(min-width: 0px) and (max-width: 480px) 480px, (min-width: 481px) and (max-width: 980px) 980px, (min-width: 981px) and (max-width: 1280px) 1280px, (min-width: 1281px) 1344px, 100vw\" class=\"wp-image-101\" \/><\/span><\/div>\n\n<div class=\"et_pb_text_5 et_pb_text et_pb_bg_layout_light et_pb_module et_flex_module preset--module--divi-text--default\"><div class=\"et_pb_text_inner\"><h3>Prenons rendez-vous !<\/h3>\n<\/div><\/div>\n\n<div class=\"et_pb_module et_pb_button_module_wrapper et_pb_button_0_wrapper\"><a class=\"et_pb_button_0 et_pb_button et_pb_bg_layout_light et_pb_module et_flex_module\" href=\"https:\/\/onetools-project.lu\/fr\/kontakt\/\">Contact<\/a><\/div>\n<\/div>\n<\/div>\n<\/div>\n<\/div>\n\n<div class=\"et_pb_section_2 et_pb_section et_section_regular et_flex_section\">\n<div class=\"et_pb_row_3 et_pb_row et_flex_row preset--module--divi-row--default\">\n<div class=\"et_pb_column_4 et_pb_column et-last-child et_flex_column et_pb_css_mix_blend_mode_passthrough et_flex_column_24_24 et_flex_column_24_24_tablet et_flex_column_24_24_phone\">\n<div class=\"et_pb_heading_0 et_pb_heading et_pb_module et_flex_module preset--module--divi-heading--default\"><div class=\"et_pb_heading_container\"><h1 class=\"et_pb_module_header\">Les d\u00e9fis que nous connaissons<\/h1><\/div><\/div>\n\n<ul class=\"et_pb_icon_list_0 et_pb_icon_list et_pb_module et_flex_module\">\n<li class=\"et_pb_icon_list_item_0 et_pb_icon_list_item et_pb_module et_flex_module\"><span class=\"et-pb-icon\">\uf00d<\/span><div class=\"et_pb_icon_list_text\">Les donn\u00e9es sont saisies sur papier sur place et doivent ensuite \u00eatre transf\u00e9r\u00e9es manuellement, ce qui demande beaucoup de temps.<\/div><\/li>\n<\/ul>\n\n<ul class=\"et_pb_icon_list_1 et_pb_icon_list et_pb_module et_flex_module\">\n<li class=\"et_pb_icon_list_item_1 et_pb_icon_list_item et_pb_module et_flex_module\"><span class=\"et-pb-icon\">\uf00d<\/span><div class=\"et_pb_icon_list_text\">Les historiques des installations sont incomplets ou difficiles \u00e0 trouver.<\/div><\/li>\n<\/ul>\n\n<ul class=\"et_pb_icon_list_2 et_pb_icon_list et_pb_module et_flex_module\">\n<li class=\"et_pb_icon_list_item_2 et_pb_icon_list_item et_pb_module et_flex_module\"><span class=\"et-pb-icon\">\uf00d<\/span><div class=\"et_pb_icon_list_text\">Les rapports destin\u00e9s aux clients prennent un temps disproportionn\u00e9.<\/div><\/li>\n<\/ul>\n\n<ul class=\"et_pb_icon_list_3 et_pb_icon_list et_pb_module et_flex_module\">\n<li class=\"et_pb_icon_list_item_3 et_pb_icon_list_item et_pb_module et_flex_module\"><span class=\"et-pb-icon\">\uf00d<\/span><div class=\"et_pb_icon_list_text\">Sans connexion Internet, les outils num\u00e9riques sont souvent inutilisables.<\/div><\/li>\n<\/ul>\n\n<ul class=\"et_pb_icon_list_4 et_pb_icon_list et_pb_module et_flex_module\">\n<li class=\"et_pb_icon_list_item_4 et_pb_icon_list_item et_pb_module et_flex_module\"><span class=\"et-pb-icon\">\uf00d<\/span><div class=\"et_pb_icon_list_text\">La justification des prestations fournies est fastidieuse et source d'erreurs.<\/div><\/li>\n<\/ul>\n\n<div class=\"et_pb_text_6 et_pb_text et_pb_bg_layout_light et_pb_module et_flex_module preset--module--divi-text--default\"><div class=\"et_pb_text_inner\"><p>Cela vous semble familier ? Alors BuildingOne est la solution qu'il vous faut.<\/p>\n<\/div><\/div>\n<\/div>\n<\/div>\n<\/div>\n\n<div class=\"et_pb_section_3 et_pb_section et_section_regular et_flex_section\">\n<div class=\"et_pb_row_4 et_pb_row et_flex_row preset--module--divi-row--default\">\n<div class=\"et_pb_column_5 et_pb_column et-last-child et_flex_column et_pb_css_mix_blend_mode_passthrough et_flex_column_24_24 et_flex_column_24_24_tablet et_flex_column_24_24_phone\">\n<div class=\"et_pb_heading_1 et_pb_heading et_pb_module et_flex_module preset--module--divi-heading--default\"><div class=\"et_pb_heading_container\"><h1 class=\"et_pb_module_header\">Ce que BuildingOne peut faire pour vous<\/h1><\/div><\/div>\n\n<div class=\"et_pb_text_7 et_pb_text et_pb_bg_layout_light et_pb_module et_flex_module preset--module--divi-text--default\"><div class=\"et_pb_text_inner\"><h3>\ud83d\udcf1 Saisie des donn\u00e9es sur place \u2013 avec l'application<\/h3>\n<p>Vos collaborateurs saisissent les informations directement sur place, \u00e0 l'aide d'un smartphone ou d'une tablette, de mani\u00e8re rapide et structur\u00e9e. Les codes QR appos\u00e9s sur les installations permettent d'acc\u00e9der imm\u00e9diatement \u00e0 toutes les donn\u00e9es pertinentes. Finis les papiers \u00e9parpill\u00e9s et les erreurs de transcription. <em>(\u2192 En savoir plus sur l'application BuildingOne)<\/em><\/p>\n<h3>\ud83d\udcf6 Fonctionnalit\u00e9 hors ligne<\/h3>\n<p>Kein Internet vor Ort? Kein Problem. Die BuildingOne App funktioniert vollst\u00e4ndig offline \u2013 alle erfassten Daten werden im B\u00fcro synchronisiert, sobald wieder eine Verbindung besteht.<\/p>\n<h3>\ud83d\udd27 Module de maintenance \u2013 d\u00e9velopp\u00e9 avec des praticiens<\/h3>\n<p>Le module de maintenance de BuildingOne a \u00e9t\u00e9 d\u00e9velopp\u00e9 en collaboration avec l'une des principales soci\u00e9t\u00e9s europ\u00e9ennes de gestion des installations techniques, qui assure la gestion technique et infrastructurelle de milliers de biens immobiliers dans plusieurs pays europ\u00e9ens. Le r\u00e9sultat : un module qui fonctionne vraiment dans la pratique. Planifier les intervalles de maintenance, attribuer les t\u00e2ches, documenter les travaux effectu\u00e9s : tout cela dans un seul et m\u00eame syst\u00e8me.<\/p>\n<h3>\ud83d\udcca Rapports et tableaux de bord pour vos clients<\/h3>\n<p>Cr\u00e9ez des rapports professionnels directement \u00e0 partir de BuildingOne \u2013 clairs, complets et en quelques clics seulement. Pr\u00e9sentez \u00e0 vos clients l'\u00e9tat de leurs installations, les prestations fournies et les mesures \u00e0 venir en un coup d'\u0153il. Cela renforce la confiance et vous distingue de la concurrence.<\/p>\n<h3>\ud83d\udd04 Transfert des donn\u00e9es vers les syst\u00e8mes des clients<\/h3>\n<p>De nombreux prestataires de services techniques prennent en charge non seulement la maintenance, mais aussi la gestion des donn\u00e9es pour leurs clients. BuildingOne permet le traitement structur\u00e9 et le transfert des donn\u00e9es relatives aux installations et \u00e0 la maintenance vers les syst\u00e8mes existants du client, qu'il s'agisse de CAFM, d'ERP ou d'autres plateformes. Ainsi, vous ne fournissez pas seulement une prestation, mais une v\u00e9ritable valeur ajout\u00e9e sous la forme de donn\u00e9es propres et exploitables.<\/p>\n<\/div><\/div>\n<\/div>\n<\/div>\n\n<div class=\"et_pb_row_5 et_pb_row et_flex_row preset--module--divi-row--default\">\n<div class=\"et_pb_column_6 et_pb_column et-last-child et_flex_column et_pb_css_mix_blend_mode_passthrough et_flex_column_24_24 et_flex_column_24_24_tablet et_flex_column_24_24_phone\">\n<div class=\"et_pb_heading_2 et_pb_heading et_pb_module et_flex_module preset--module--divi-heading--default\"><div class=\"et_pb_heading_container\"><h1 class=\"et_pb_module_header\">D\u00e9velopp\u00e9 en collaboration avec des prestataires de services techniques, mais pas uniquement pour eux<\/h1><\/div><\/div>\n\n<div class=\"et_pb_text_8 et_pb_text et_pb_bg_layout_light et_pb_module et_flex_module preset--module--divi-text--default\"><div class=\"et_pb_text_inner\"><p>BuildingOne n'est pas un outil g\u00e9n\u00e9rique qui a \u00e9t\u00e9 adapt\u00e9 a posteriori \u00e0 la r\u00e9alit\u00e9. Le module de maintenance a \u00e9t\u00e9 d\u00e9velopp\u00e9 en \u00e9troite collaboration avec l'un des plus grands prestataires de services techniques d'Europe, en tenant compte de toutes les exigences li\u00e9es \u00e0 une utilisation quotidienne.<\/p>\n<\/div><\/div>\n\n<div class=\"et_pb_divider_0 et_pb_divider et_pb_space et_pb_divider_position_top et_pb_module\"><div class=\"et_pb_divider_internal\"><\/div><\/div>\n\n<div class=\"et_pb_heading_3 et_pb_heading et_pb_module et_flex_module preset--module--divi-heading--default\"><div class=\"et_pb_heading_container\"><h1 class=\"et_pb_module_header\">Vous souhaitez d\u00e9couvrir comment BuildingOne peut soulager votre service technique ?<\/h1><\/div><\/div>\n\n<div class=\"et_pb_group_1 et_pb_group et-last-child et_pb_module et_flex_group et_pb_css_mix_blend_mode_passthrough\">\n<div class=\"et_pb_text_9 et_pb_text et_pb_bg_layout_light et_pb_module et_flex_module preset--module--divi-text--default\"><div class=\"et_pb_text_inner\"><p>\ud83d\udc49<\/p>\n<\/div><\/div>\n\n<div class=\"et_pb_module et_pb_button_module_wrapper et_pb_button_1_wrapper\"><a class=\"et_pb_button_1 et_pb_button et_pb_bg_layout_light et_pb_module et_flex_module\" href=\"mailto:info@onetools-project.lu?subject=Anfrage%20Demo%20BuildingOne\" target=\"_blank\">Demande de d\u00e9mo<\/a><\/div>\n<\/div>\n<\/div>\n<\/div>\n<\/div>","protected":false},"excerpt":{"rendered":"","protected":false},"author":2,"featured_media":0,"parent":0,"menu_order":0,"comment_status":"closed","ping_status":"closed","template":"","meta":{"iawp_total_views":53,"footnotes":""},"dipi_cpt_category":[],"class_list":["post-339","page","type-page","status-publish","hentry"],"_links":{"self":[{"href":"https:\/\/onetools-project.lu\/fr\/wp-json\/wp\/v2\/pages\/339","targetHints":{"allow":["GET"]}}],"collection":[{"href":"https:\/\/onetools-project.lu\/fr\/wp-json\/wp\/v2\/pages"}],"about":[{"href":"https:\/\/onetools-project.lu\/fr\/wp-json\/wp\/v2\/types\/page"}],"author":[{"embeddable":true,"href":"https:\/\/onetools-project.lu\/fr\/wp-json\/wp\/v2\/users\/2"}],"replies":[{"embeddable":true,"href":"https:\/\/onetools-project.lu\/fr\/wp-json\/wp\/v2\/comments?post=339"}],"version-history":[{"count":12,"href":"https:\/\/onetools-project.lu\/fr\/wp-json\/wp\/v2\/pages\/339\/revisions"}],"predecessor-version":[{"id":730,"href":"https:\/\/onetools-project.lu\/fr\/wp-json\/wp\/v2\/pages\/339\/revisions\/730"}],"wp:attachment":[{"href":"https:\/\/onetools-project.lu\/fr\/wp-json\/wp\/v2\/media?parent=339"}],"wp:term":[{"taxonomy":"dipi_cpt_category","embeddable":true,"href":"https:\/\/onetools-project.lu\/fr\/wp-json\/wp\/v2\/dipi_cpt_category?post=339"}],"curies":[{"name":"wp","href":"https:\/\/api.w.org\/{rel}","templated":true}]}}