{"id":450,"date":"2026-02-27T15:03:55","date_gmt":"2026-02-27T15:03:55","guid":{"rendered":"https:\/\/onetools-project.lu\/?page_id=450"},"modified":"2026-02-27T15:05:41","modified_gmt":"2026-02-27T15:05:41","slug":"impressum","status":"publish","type":"page","link":"https:\/\/onetools-project.lu\/fr\/impressum\/","title":{"rendered":"Impressum"},"content":{"rendered":"<div class=\"et_pb_section_0 et_pb_section et_section_regular et_flex_section\">\n<div class=\"et_pb_row_0 et_pb_row et_flex_row preset--module--divi-row--default\">\n<div class=\"et_pb_column_0 et_pb_column et-last-child et_flex_column et_pb_css_mix_blend_mode_passthrough et_flex_column_24_24 et_flex_column_24_24_tablet et_flex_column_24_24_phone\">\n<div class=\"et_pb_text_0 et_pb_text et_pb_bg_layout_light et_pb_module et_flex_module preset--module--divi-text--default\"><div class=\"et_pb_text_inner\"><header class=\"entry-header\">\n<h1 class=\"et_pb_module_header\">Impressum<\/h1>\n<p>&nbsp;<\/p>\n<p>&nbsp;<\/p>\n<\/header>\n<div class=\"entry-content\">\n<h3><span>OneTools Project\u00a0<\/span><span>Luxembourg\u00a0<\/span><span>s.\u00e0 r.l.<\/span><\/h3>\n<p><span><i class=\"fa fa-address-book fa- \"><\/i><strong>Kontakt:<\/strong><\/span><br \/><span>OneTools Project Luxembourg S.\u00e0 r.l.<\/span><br \/><span>H\u00e4repesch, 5<\/span><br \/><span>L-7651 Heffingen<\/span><br \/><span>Luxembourg<\/span><\/p>\n<p><span><i class=\"fa fa-phone fa- \"><\/i>+352 20 60 04 63<\/span><br \/><span><a data-enc-email=\"vasb[at]bargbbyf-cebwrpg.yh\" class=\"mail-link\" data-wpel-link=\"ignore\"><span id=\"eeb-293346-322596\">info@onetools-project.lu<\/span><\/a><\/span><\/p>\n<p><span><\/span><\/p>\n<p><span>Die OneTools Project Luxembourg S.\u00e0 r.l. ist als\u00a0soci\u00e9t\u00e9 \u00e0 responsabilit\u00e9 limit\u00e9e mit einem Stammkapital von 12.000\u20ac in Luxemburg unter der Nummer B215146 gef\u00fchrt. Diese wird von dem Gesch\u00e4ftsf\u00fchrer Bob Banzer vertreten.<\/span><\/p>\n<p><span>Die Umsatzsteueridentifikationsnummer der OneTools Project Luxembourg s.\u00e0 r.l. lautet LU29544756.<\/span><\/p>\n<\/div>\n<\/div><\/div>\n<\/div>\n<\/div>\n<\/div>","protected":false},"excerpt":{"rendered":"","protected":false},"author":2,"featured_media":0,"parent":0,"menu_order":0,"comment_status":"closed","ping_status":"closed","template":"","meta":{"iawp_total_views":58,"footnotes":""},"dipi_cpt_category":[],"class_list":["post-450","page","type-page","status-publish","hentry"],"_links":{"self":[{"href":"https:\/\/onetools-project.lu\/fr\/wp-json\/wp\/v2\/pages\/450","targetHints":{"allow":["GET"]}}],"collection":[{"href":"https:\/\/onetools-project.lu\/fr\/wp-json\/wp\/v2\/pages"}],"about":[{"href":"https:\/\/onetools-project.lu\/fr\/wp-json\/wp\/v2\/types\/page"}],"author":[{"embeddable":true,"href":"https:\/\/onetools-project.lu\/fr\/wp-json\/wp\/v2\/users\/2"}],"replies":[{"embeddable":true,"href":"https:\/\/onetools-project.lu\/fr\/wp-json\/wp\/v2\/comments?post=450"}],"version-history":[{"count":3,"href":"https:\/\/onetools-project.lu\/fr\/wp-json\/wp\/v2\/pages\/450\/revisions"}],"predecessor-version":[{"id":453,"href":"https:\/\/onetools-project.lu\/fr\/wp-json\/wp\/v2\/pages\/450\/revisions\/453"}],"wp:attachment":[{"href":"https:\/\/onetools-project.lu\/fr\/wp-json\/wp\/v2\/media?parent=450"}],"wp:term":[{"taxonomy":"dipi_cpt_category","embeddable":true,"href":"https:\/\/onetools-project.lu\/fr\/wp-json\/wp\/v2\/dipi_cpt_category?post=450"}],"curies":[{"name":"wp","href":"https:\/\/api.w.org\/{rel}","templated":true}]}}