{"id":504,"date":"2026-03-04T19:15:17","date_gmt":"2026-03-04T19:15:17","guid":{"rendered":"https:\/\/onetools-project.lu\/?page_id=504"},"modified":"2026-03-04T20:01:32","modified_gmt":"2026-03-04T20:01:32","slug":"studentenversion-buildingone","status":"publish","type":"page","link":"https:\/\/onetools-project.lu\/fr\/studentenversion-buildingone\/","title":{"rendered":"Studentenversion BuildingOne"},"content":{"rendered":"<div class=\"et_pb_section_0 et_pb_section et_section_regular et_flex_section\">\n<div class=\"et_pb_row_0 et_pb_row et_flex_row preset--module--divi-row--default\">\n<div class=\"et_pb_column_0 et_pb_column et-last-child et_flex_column et_pb_css_mix_blend_mode_passthrough et_flex_column_24_24 et_flex_column_24_24_tablet et_flex_column_24_24_phone\">\n<div class=\"et_pb_text_0 et_pb_text et_pb_bg_layout_light et_pb_module et_flex_module preset--module--divi-text--default\"><div class=\"et_pb_text_inner\"><p>BuildingOne<\/p>\n<\/div><\/div>\n\n<div class=\"et_pb_text_1 et_pb_text et_pb_bg_layout_light et_pb_module et_flex_module preset--module--divi-text--default\"><div class=\"et_pb_text_inner\"><h1>Studentenversion<\/h1>\n<\/div><\/div>\n<\/div>\n<\/div>\n<\/div>\n\n<div class=\"et_pb_section_1 et_pb_section et_section_regular et_flex_section\">\n<div class=\"et_pb_row_1 et_pb_row et_flex_row preset--module--divi-row--default\">\n<div class=\"et_pb_column_1 et_pb_column et-last-child et_flex_column et_pb_css_mix_blend_mode_passthrough et_flex_column_24_24 et_flex_column_24_24_tablet et_flex_column_24_24_phone\">\n<div class=\"et_pb_text_2 et_pb_text et_pb_bg_layout_light et_pb_module et_flex_module preset--module--divi-text--default\"><div class=\"et_pb_text_inner\"><h2 style=\"text-align: center;\">Als Studierender k\u00f6nnen Sie eine Studentenversion von BuildingOne bei uns beantragen.<\/h2>\n<\/div><\/div>\n<\/div>\n<\/div>\n\n<div class=\"et_pb_row_2 et_pb_row et_flex_row preset--module--divi-row--default\">\n<div class=\"et_pb_column_2 et_pb_column et-last-child et_flex_column et_pb_css_mix_blend_mode_passthrough et_flex_column_24_24 et_flex_column_24_24_tablet et_flex_column_24_24_phone\">\n<div class=\"et_pb_blurb_0 et_pb_blurb et_pb_bg_layout_light et_pb_blurb_position_top et_pb_module et_flex_module\"><div class=\"et_pb_blurb_content et_flex_module\"><div class=\"et_pb_main_blurb_image\"><span class=\"et_pb_image_wrap et_pb_only_image_mode_wrap\"><img loading=\"lazy\" decoding=\"async\" src=\"https:\/\/onetools-project.lu\/wp-content\/uploads\/2026\/03\/BuildingOne-Studentenversion.webp\" width=\"1080\" height=\"1080\" srcset=\"https:\/\/onetools-project.lu\/wp-content\/uploads\/2026\/03\/BuildingOne-Studentenversion.webp 1080w, https:\/\/onetools-project.lu\/wp-content\/uploads\/2026\/03\/BuildingOne-Studentenversion-980x980.webp 980w, https:\/\/onetools-project.lu\/wp-content\/uploads\/2026\/03\/BuildingOne-Studentenversion-480x480.webp 480w\" sizes=\"(min-width: 0px) and (max-width: 480px) 480px, (min-width: 481px) and (max-width: 980px) 980px, (min-width: 981px) 1080px, 100vw\" class=\"wp-image-507\" title=\"BuildingOne Studentenversion\" \/><\/span><\/div><div class=\"et_pb_blurb_container\"><div class=\"et_pb_blurb_description\"><p style=\"text-align: center;\">Sie erhalten anschlie\u00dfend eine kompakte Version, die Sie f\u00fcr die Dauer Ihres Studiums nutzen d\u00fcrfen.<\/p>\n<p style=\"text-align: center;\">Klicken Sie auf den Knopf \"Anfrage\" und \u00fcbermitteln Sie uns die notwendigen Daten, sowie eine Immatrikulationsbescheinigung per E-Mail.<\/p>\n<p style=\"text-align: center;\">Wir melden uns anschlie\u00dfend bei Ihnen mit weiteren Informationen.<\/p>\n<\/div><\/div><\/div><\/div>\n<\/div>\n<\/div>\n\n<div class=\"et_pb_row_3 et_pb_row et_flex_row preset--module--divi-row--default\">\n<div class=\"et_pb_column_3 et_pb_column et-last-child et_flex_column et_pb_css_mix_blend_mode_passthrough et_flex_column_24_24 et_flex_column_24_24_tablet et_flex_column_24_24_phone\">\n<div class=\"et_pb_row_4 et_pb_row et_pb_row_nested et_flex_row preset--module--divi-row--default\">\n<div class=\"et_pb_column_4 et_pb_column et-last-child et_flex_column et_pb_css_mix_blend_mode_passthrough et_flex_column_24_24 et_flex_column_24_24_tablet et_flex_column_24_24_phone\">\n<div class=\"et_pb_divider_0 et_pb_divider et_pb_space et_pb_divider_position_top et_pb_module\"><div class=\"et_pb_divider_internal\"><\/div><\/div>\n<\/div>\n<\/div>\n<\/div>\n<\/div>\n\n<div class=\"et_pb_row_5 et_pb_row et_flex_row preset--module--divi-row--default\">\n<div class=\"et_pb_column_5 et_pb_column et-last-child et_flex_column et_pb_css_mix_blend_mode_passthrough et_flex_column_24_24 et_flex_column_24_24_tablet et_flex_column_24_24_phone\">\n<div class=\"et_pb_text_3 et_pb_text et_pb_bg_layout_light et_pb_module et_flex_module preset--module--divi-text--default\"><div class=\"et_pb_text_inner\"><h3><strong>Studentenversion per E-Mail anfragen:<\/strong><\/h3>\n<\/div><\/div>\n\n<div class=\"et_pb_module et_pb_button_module_wrapper et_pb_button_0_wrapper\"><a class=\"et_pb_button_0 et_pb_button et_pb_bg_layout_light et_pb_module et_flex_module\" href=\"mailto:info@otpro.lu?subject=Anfrage%20Studentenversion%20BuildingOne&#038;body=Anrede:%0AVorname:%0ANachname:%0AName%20der%20Schule:%0AEingeschreibung%20von:%0AEingeschreibung%20bis:\" data-icon=\"\uf0e0\">Anfrage<\/a><\/div>\n<\/div>\n<\/div>\n<\/div>","protected":false},"excerpt":{"rendered":"","protected":false},"author":2,"featured_media":0,"parent":0,"menu_order":0,"comment_status":"closed","ping_status":"closed","template":"","meta":{"iawp_total_views":2,"footnotes":""},"dipi_cpt_category":[],"class_list":["post-504","page","type-page","status-publish","hentry"],"_links":{"self":[{"href":"https:\/\/onetools-project.lu\/fr\/wp-json\/wp\/v2\/pages\/504","targetHints":{"allow":["GET"]}}],"collection":[{"href":"https:\/\/onetools-project.lu\/fr\/wp-json\/wp\/v2\/pages"}],"about":[{"href":"https:\/\/onetools-project.lu\/fr\/wp-json\/wp\/v2\/types\/page"}],"author":[{"embeddable":true,"href":"https:\/\/onetools-project.lu\/fr\/wp-json\/wp\/v2\/users\/2"}],"replies":[{"embeddable":true,"href":"https:\/\/onetools-project.lu\/fr\/wp-json\/wp\/v2\/comments?post=504"}],"version-history":[{"count":4,"href":"https:\/\/onetools-project.lu\/fr\/wp-json\/wp\/v2\/pages\/504\/revisions"}],"predecessor-version":[{"id":513,"href":"https:\/\/onetools-project.lu\/fr\/wp-json\/wp\/v2\/pages\/504\/revisions\/513"}],"wp:attachment":[{"href":"https:\/\/onetools-project.lu\/fr\/wp-json\/wp\/v2\/media?parent=504"}],"wp:term":[{"taxonomy":"dipi_cpt_category","embeddable":true,"href":"https:\/\/onetools-project.lu\/fr\/wp-json\/wp\/v2\/dipi_cpt_category?post=504"}],"curies":[{"name":"wp","href":"https:\/\/api.w.org\/{rel}","templated":true}]}}