{"id":82,"date":"2026-02-23T14:27:22","date_gmt":"2026-02-23T14:27:22","guid":{"rendered":"https:\/\/onetools-project.lu\/?page_id=82"},"modified":"2026-02-25T16:15:50","modified_gmt":"2026-02-25T16:15:50","slug":"anwendungsbereiche","status":"publish","type":"page","link":"https:\/\/onetools-project.lu\/fr\/anwendungsbereiche\/","title":{"rendered":"Champs d'application"},"content":{"rendered":"<div class=\"et_pb_section_0 et_pb_section et_section_regular et_flex_section\">\n<div class=\"et_pb_row_0 et_pb_row et_flex_row preset--module--divi-row--default\">\n<div class=\"et_pb_column_0 et_pb_column et-last-child et_flex_column et_pb_css_mix_blend_mode_passthrough et_flex_column_24_24 et_flex_column_24_24_tablet et_flex_column_24_24_phone\">\n<div class=\"et_pb_text_0 et_pb_text et_pb_bg_layout_light et_pb_module et_flex_module preset--module--divi-text--default\"><div class=\"et_pb_text_inner\"><p>Unsere L\u00f6sungen f\u00fcr Ihren<\/p>\n<\/div><\/div>\n\n<div class=\"et_pb_text_1 et_pb_text et_pb_bg_layout_light et_pb_module et_flex_module preset--module--divi-text--default\"><div class=\"et_pb_text_inner\"><h1>Champ d'application<\/h1>\n<\/div><\/div>\n<\/div>\n<\/div>\n<\/div>\n\n<div class=\"et_pb_section_1 et_pb_section et_section_regular et_flex_section\">\n<div class=\"et_pb_row_1 et_pb_row et_flex_row preset--module--divi-row--default\">\n<div class=\"et_pb_column_1 et_pb_column et-last-child et_flex_column et_pb_css_mix_blend_mode_passthrough et_flex_column_24_24 et_flex_column_24_24_tablet et_flex_column_24_24_phone\">\n<div class=\"et_pb_text_2 et_pb_text et_pb_bg_layout_light et_pb_module et_flex_module preset--module--divi-text--default\"><div class=\"et_pb_text_inner\"><p class=\"translation-block\">Que vous planifiiez, exploitiez ou entreteniez un b\u00e2timent, la gestion des donn\u00e9es des b\u00e2timents est la cl\u00e9 de l'efficacit\u00e9 et de la qualit\u00e9. Nous vous aidons gr\u00e2ce \u00e0 notre logiciel <strong>BuildingOne<\/strong> et \u00e0 nos <strong>services<\/strong> sur mesure afin que vous puissiez vous concentrer sur l'essentiel.<\/p>\n<\/div><\/div>\n<\/div>\n<\/div>\n<\/div>\n\n<div class=\"et_pb_section_2 et_pb_section et_section_regular et_flex_section\">\n<div class=\"et_pb_row_2 et_pb_row et_flex_row et_animated preset--module--divi-row--default\">\n<div class=\"et_pb_column_2 et_pb_column et_flex_column et_pb_css_mix_blend_mode_passthrough et_flex_column_8_24 et_flex_column_8_24_tablet et_flex_column_24_24_phone\">\n<div class=\"et_pb_image_0 et_pb_image et_pb_module et_flex_module\"><span class=\"et_pb_image_wrap\"><img loading=\"lazy\" decoding=\"async\" src=\"https:\/\/onetools-project.lu\/wp-content\/uploads\/2026\/02\/Architect.png\" title=\"Architect\" width=\"1024\" height=\"1024\" srcset=\"https:\/\/onetools-project.lu\/wp-content\/uploads\/2026\/02\/Architect.png 1024w, https:\/\/onetools-project.lu\/wp-content\/uploads\/2026\/02\/Architect-980x980.png 980w, https:\/\/onetools-project.lu\/wp-content\/uploads\/2026\/02\/Architect-480x480.png 480w\" sizes=\"(min-width: 0px) and (max-width: 480px) 480px, (min-width: 481px) and (max-width: 980px) 980px, (min-width: 981px) 1024px, 100vw\" class=\"wp-image-61\" \/><\/span><\/div>\n\n<div class=\"et_pb_text_3 et_pb_text et_pb_bg_layout_light et_pb_module et_flex_module preset--module--divi-text--default\"><div class=\"et_pb_text_inner\"><h3>Planificateurs et Architectes<\/h3>\n<p>&nbsp;<\/p>\n<\/div><\/div>\n\n<div class=\"et_pb_text_4 et_pb_text et_pb_bg_layout_light et_pb_module et_flex_module preset--module--divi-text--default\"><div class=\"et_pb_text_inner\"><p>Fiches de locaux, listes de composants, calcul des co\u00fbts et contr\u00f4le des donn\u00e9es dans des mod\u00e8les 3D : BuildingOne aide les architectes, ing\u00e9nieurs et planificateurs \u00e0 travailler de mani\u00e8re structur\u00e9e et efficace avec les donn\u00e9es du b\u00e2timent d\u00e8s la phase de planification.\u00a0<\/p>\n<\/div><\/div>\n\n<div class=\"et_pb_module et_pb_button_module_wrapper et_pb_button_0_wrapper\"><a class=\"et_pb_button_0 et_pb_button et_pb_bg_layout_light et_pb_module et_flex_module\" href=\"#\" target=\"_blank\">En savoir plus<\/a><\/div>\n<\/div>\n\n<div class=\"et_pb_column_3 et_pb_column et_flex_column et_pb_css_mix_blend_mode_passthrough et_flex_column_8_24 et_flex_column_8_24_tablet et_flex_column_24_24_phone\">\n<div class=\"et_pb_image_1 et_pb_image et_pb_module et_flex_module\"><span class=\"et_pb_image_wrap\"><img loading=\"lazy\" decoding=\"async\" src=\"https:\/\/onetools-project.lu\/wp-content\/uploads\/2026\/02\/FacilityManager.png\" title=\"Facility Manager\" width=\"1024\" height=\"1024\" srcset=\"https:\/\/onetools-project.lu\/wp-content\/uploads\/2026\/02\/FacilityManager.png 1024w, https:\/\/onetools-project.lu\/wp-content\/uploads\/2026\/02\/FacilityManager-980x980.png 980w, https:\/\/onetools-project.lu\/wp-content\/uploads\/2026\/02\/FacilityManager-480x480.png 480w\" sizes=\"(min-width: 0px) and (max-width: 480px) 480px, (min-width: 481px) and (max-width: 980px) 980px, (min-width: 981px) 1024px, 100vw\" class=\"wp-image-64\" \/><\/span><\/div>\n\n<div class=\"et_pb_text_5 et_pb_text et_pb_bg_layout_light et_pb_module et_flex_module preset--module--divi-text--default\"><div class=\"et_pb_text_inner\"><h3>Exploitants de b\u00e2timents et Facility Managers<\/h3>\n<\/div><\/div>\n\n<div class=\"et_pb_text_6 et_pb_text et_pb_bg_layout_light et_pb_module et_flex_module preset--module--divi-text--default\"><div class=\"et_pb_text_inner\"><p>Gestion centralis\u00e9e des donn\u00e9es, gestion des cl\u00e9s, planification de la maintenance et bien plus encore : BuildingOne apporte une structure \u00e0 vos donn\u00e9es immobili\u00e8res. De plus, nous vous assistons avec des services tels que la migration des donn\u00e9es, les relev\u00e9s sur place, la cr\u00e9ation de rapports et l'adaptation de vos plans.<\/p>\n<\/div><\/div>\n\n<div class=\"et_pb_module et_pb_button_module_wrapper et_pb_button_1_wrapper\"><a class=\"et_pb_button_1 et_pb_button et_pb_bg_layout_light et_pb_module et_flex_module\" href=\"#\" target=\"_blank\">En savoir plus<\/a><\/div>\n<\/div>\n\n<div class=\"et_pb_column_4 et_pb_column et-last-child et_flex_column et_pb_css_mix_blend_mode_passthrough et_flex_column_8_24 et_flex_column_8_24_tablet et_flex_column_24_24_phone\">\n<div class=\"et_pb_image_2 et_pb_image et_pb_module et_flex_module\"><span class=\"et_pb_image_wrap\"><img loading=\"lazy\" decoding=\"async\" src=\"https:\/\/onetools-project.lu\/wp-content\/uploads\/2026\/02\/ServiceProvider.png\" title=\"Service provider\" width=\"1024\" height=\"1024\" srcset=\"https:\/\/onetools-project.lu\/wp-content\/uploads\/2026\/02\/ServiceProvider.png 1024w, https:\/\/onetools-project.lu\/wp-content\/uploads\/2026\/02\/ServiceProvider-980x980.png 980w, https:\/\/onetools-project.lu\/wp-content\/uploads\/2026\/02\/ServiceProvider-480x480.png 480w\" sizes=\"(min-width: 0px) and (max-width: 480px) 480px, (min-width: 481px) and (max-width: 980px) 980px, (min-width: 981px) 1024px, 100vw\" class=\"wp-image-63\" \/><\/span><\/div>\n\n<div class=\"et_pb_text_7 et_pb_text et_pb_bg_layout_light et_pb_module et_flex_module preset--module--divi-text--default\"><div class=\"et_pb_text_inner\"><h3>Prestataires de services techniques<\/h3>\n<p>&nbsp;<\/p>\n<\/div><\/div>\n\n<div class=\"et_pb_text_8 et_pb_text et_pb_bg_layout_light et_pb_module et_flex_module preset--module--divi-text--default\"><div class=\"et_pb_text_inner\"><p>Une planification de la maintenance intelligente : gr\u00e2ce \u00e0 BuildingOne, les prestataires de services techniques g\u00e8rent les b\u00e2timents et les installations de leurs clients de mani\u00e8re structur\u00e9e et efficace. Nous vous accompagnons dans la saisie des donn\u00e9es existantes, la cr\u00e9ation d'\u00e9valuations et l'adaptation \u00e0 vos processus.<\/p>\n<\/div><\/div>\n\n<div class=\"et_pb_module et_pb_button_module_wrapper et_pb_button_2_wrapper\"><a class=\"et_pb_button_2 et_pb_button et_pb_bg_layout_light et_pb_module et_flex_module\" href=\"#\" target=\"_blank\">Erfahren Sie mehr<\/a><\/div>\n<\/div>\n<\/div>\n<\/div>","protected":false},"excerpt":{"rendered":"","protected":false},"author":2,"featured_media":0,"parent":0,"menu_order":0,"comment_status":"closed","ping_status":"closed","template":"","meta":{"iawp_total_views":47,"footnotes":""},"dipi_cpt_category":[],"class_list":["post-82","page","type-page","status-publish","hentry"],"_links":{"self":[{"href":"https:\/\/onetools-project.lu\/fr\/wp-json\/wp\/v2\/pages\/82","targetHints":{"allow":["GET"]}}],"collection":[{"href":"https:\/\/onetools-project.lu\/fr\/wp-json\/wp\/v2\/pages"}],"about":[{"href":"https:\/\/onetools-project.lu\/fr\/wp-json\/wp\/v2\/types\/page"}],"author":[{"embeddable":true,"href":"https:\/\/onetools-project.lu\/fr\/wp-json\/wp\/v2\/users\/2"}],"replies":[{"embeddable":true,"href":"https:\/\/onetools-project.lu\/fr\/wp-json\/wp\/v2\/comments?post=82"}],"version-history":[{"count":8,"href":"https:\/\/onetools-project.lu\/fr\/wp-json\/wp\/v2\/pages\/82\/revisions"}],"predecessor-version":[{"id":94,"href":"https:\/\/onetools-project.lu\/fr\/wp-json\/wp\/v2\/pages\/82\/revisions\/94"}],"wp:attachment":[{"href":"https:\/\/onetools-project.lu\/fr\/wp-json\/wp\/v2\/media?parent=82"}],"wp:term":[{"taxonomy":"dipi_cpt_category","embeddable":true,"href":"https:\/\/onetools-project.lu\/fr\/wp-json\/wp\/v2\/dipi_cpt_category?post=82"}],"curies":[{"name":"wp","href":"https:\/\/api.w.org\/{rel}","templated":true}]}}