{"id":97,"date":"2026-02-23T15:12:30","date_gmt":"2026-02-23T15:12:30","guid":{"rendered":"https:\/\/onetools-project.lu\/?page_id=97"},"modified":"2026-03-10T15:48:29","modified_gmt":"2026-03-10T15:48:29","slug":"bim-software-architekten-planer","status":"publish","type":"page","link":"https:\/\/onetools-project.lu\/fr\/bim-software-architekten-planer\/","title":{"rendered":"BuildingOne pour les planificateurs et les architectes"},"content":{"rendered":"<div class=\"et_pb_section_0 et_pb_section et_section_regular et_flex_section\">\n<div class=\"et_pb_row_0 et_pb_row et_flex_row preset--module--divi-row--default\">\n<div class=\"et_pb_column_0 et_pb_column et-last-child et_flex_column et_pb_css_mix_blend_mode_passthrough et_flex_column_24_24 et_flex_column_24_24_tablet et_flex_column_24_24_phone\">\n<div class=\"et_pb_text_0 et_pb_text et_pb_bg_layout_light et_pb_module et_flex_module preset--module--divi-text--default\"><div class=\"et_pb_text_inner\"><p>Champ d'application<\/p>\n<\/div><\/div>\n\n<div class=\"et_pb_text_1 et_pb_text et_pb_bg_layout_light et_pb_module et_flex_module preset--module--divi-text--default\"><div class=\"et_pb_text_inner\"><h1>Planificateurs et Architectes<\/h1>\n<\/div><\/div>\n<\/div>\n<\/div>\n<\/div>\n\n<div class=\"et_pb_section_1 et_pb_section et_section_regular et_flex_section\">\n<div class=\"et_pb_row_1 et_pb_row et_flex_row preset--module--divi-row--default\">\n<div class=\"et_pb_column_1 et_pb_column et-last-child et_flex_column et_pb_css_mix_blend_mode_passthrough et_flex_column_16_24 et_flex_column_16_24_tablet et_flex_column_24_24_phone\">\n<div class=\"et_pb_text_2 et_pb_text et_pb_bg_layout_light et_pb_module et_flex_module preset--module--divi-text--default\"><div class=\"et_pb_text_inner\" data-et-mv-hidden-tablet=\"true\" data-et-mv-hidden-phone=\"true\"><p style=\"text-align: left;\">De la planification \u00e0 l'exploitation \u2013 tout dans une seule solution.<\/p>\n<\/div><\/div>\n\n<div class=\"et_pb_text_3 et_pb_text et_pb_bg_layout_light et_pb_module et_flex_module preset--module--divi-text--default\"><div class=\"et_pb_text_inner\" data-et-mv-hidden-phone=\"true\"><h1>BuildingOne pour<\/h1>\n<h1>Planificateurs et Architectes<\/h1>\n<\/div><\/div>\n<\/div>\n<\/div>\n\n<div class=\"et_pb_row_2 et_pb_row et_flex_row preset--module--divi-row--default\">\n<div class=\"et_pb_column_2 et_pb_column et_flex_column et_pb_css_mix_blend_mode_passthrough et_flex_column_16_24 et_flex_column_16_24_tablet et_flex_column_24_24_phone\">\n<div class=\"et_pb_text_4 et_pb_text et_pb_bg_layout_light et_pb_module et_flex_module preset--module--divi-text--default\"><div class=\"et_pb_text_inner\"><p style=\"text-align: justify;\">La phase de planification pose les bases de l'ensemble du cycle de vie d'un b\u00e2timent. Travailler de mani\u00e8re structur\u00e9e \u00e0 ce stade permet de gagner du temps, de r\u00e9duire les co\u00fbts et d'\u00e9viter le stress par la suite. BuildingOne se connecte directement \u00e0 vos mod\u00e8les 3D issus de Revit, ArchiCAD et Vectorworks, de mani\u00e8re bidirectionnelle, en temps r\u00e9el et sans perte de donn\u00e9es. Les architectes, ing\u00e9nieurs et planificateurs peuvent ainsi travailler plus efficacement avec les donn\u00e9es du b\u00e2timent, de la planification initiale \u00e0 la livraison.<\/p>\n<\/div><\/div>\n\n<div class=\"et_pb_image_0 et_pb_image et_pb_module et_flex_module\"><span class=\"et_pb_image_wrap\"><img loading=\"lazy\" decoding=\"async\" src=\"https:\/\/onetools-project.lu\/wp-content\/uploads\/2026\/02\/Architect.png\" title=\"Architect\" width=\"1024\" height=\"1024\" srcset=\"https:\/\/onetools-project.lu\/wp-content\/uploads\/2026\/02\/Architect.png 1024w, https:\/\/onetools-project.lu\/wp-content\/uploads\/2026\/02\/Architect-980x980.png 980w, https:\/\/onetools-project.lu\/wp-content\/uploads\/2026\/02\/Architect-480x480.png 480w\" sizes=\"(min-width: 0px) and (max-width: 480px) 480px, (min-width: 481px) and (max-width: 980px) 980px, (min-width: 981px) 1024px, 100vw\" class=\"wp-image-61\" \/><\/span><\/div>\n<\/div>\n\n<div class=\"et_pb_column_3 et_pb_column et-last-child et_flex_column et_pb_css_mix_blend_mode_passthrough et_flex_column_8_24 et_flex_column_8_24_tablet et_flex_column_24_24_phone\">\n<div class=\"et_pb_group_0 et_pb_group et-last-child et_pb_module et_flex_group et_pb_css_mix_blend_mode_passthrough\">\n<div class=\"et_pb_image_1 et_pb_image et_pb_module et_flex_module\"><span class=\"et_pb_image_wrap\"><img loading=\"lazy\" decoding=\"async\" src=\"https:\/\/onetools-project.lu\/wp-content\/uploads\/2026\/02\/CTA_LetsTalk.png\" title=\"Let&#039;s talk\" width=\"1344\" height=\"768\" srcset=\"https:\/\/onetools-project.lu\/wp-content\/uploads\/2026\/02\/CTA_LetsTalk.png 1344w, https:\/\/onetools-project.lu\/wp-content\/uploads\/2026\/02\/CTA_LetsTalk-1280x731.png 1280w, https:\/\/onetools-project.lu\/wp-content\/uploads\/2026\/02\/CTA_LetsTalk-980x560.png 980w, https:\/\/onetools-project.lu\/wp-content\/uploads\/2026\/02\/CTA_LetsTalk-480x274.png 480w\" sizes=\"(min-width: 0px) and (max-width: 480px) 480px, (min-width: 481px) and (max-width: 980px) 980px, (min-width: 981px) and (max-width: 1280px) 1280px, (min-width: 1281px) 1344px, 100vw\" class=\"wp-image-101\" \/><\/span><\/div>\n\n<div class=\"et_pb_text_5 et_pb_text et_pb_bg_layout_light et_pb_module et_flex_module preset--module--divi-text--default\"><div class=\"et_pb_text_inner\"><h3>Prenons rendez-vous !<\/h3>\n<\/div><\/div>\n\n<div class=\"et_pb_module et_pb_button_module_wrapper et_pb_button_0_wrapper\"><a class=\"et_pb_button_0 et_pb_button et_pb_bg_layout_light et_pb_module et_flex_module\" href=\"https:\/\/onetools-project.lu\/fr\/kontakt\/\">Contact<\/a><\/div>\n<\/div>\n<\/div>\n<\/div>\n<\/div>\n\n<div class=\"et_pb_section_2 et_pb_section et_section_regular et_flex_section\">\n<div class=\"et_pb_row_3 et_pb_row et_flex_row preset--module--divi-row--default\">\n<div class=\"et_pb_column_4 et_pb_column et-last-child et_flex_column et_pb_css_mix_blend_mode_passthrough et_flex_column_24_24 et_flex_column_24_24_tablet et_flex_column_24_24_phone\">\n<div class=\"et_pb_heading_0 et_pb_heading et_pb_module et_flex_module preset--module--divi-heading--default\"><div class=\"et_pb_heading_container\"><h1 class=\"et_pb_module_header\">Les d\u00e9fis que nous connaissons<\/h1><\/div><\/div>\n\n<ul class=\"et_pb_icon_list_0 et_pb_icon_list et_pb_module et_flex_module\">\n<li class=\"et_pb_icon_list_item_0 et_pb_icon_list_item et_pb_module et_flex_module\"><span class=\"et-pb-icon\">\uf00d<\/span><div class=\"et_pb_icon_list_text\">Les donn\u00e9es relatives aux pi\u00e8ces doivent \u00eatre transf\u00e9r\u00e9es manuellement depuis le mod\u00e8le et g\u00e9r\u00e9es dans des listes Excel.<\/div><\/li>\n<\/ul>\n\n<ul class=\"et_pb_icon_list_1 et_pb_icon_list et_pb_module et_flex_module\">\n<li class=\"et_pb_icon_list_item_1 et_pb_icon_list_item et_pb_module et_flex_module\"><span class=\"et-pb-icon\">\uf00d<\/span><div class=\"et_pb_icon_list_text\">Les modifications apport\u00e9es aux composants sont difficiles \u00e0 retracer : qui a modifi\u00e9 quoi et quand ?<\/div><\/li>\n<\/ul>\n\n<ul class=\"et_pb_icon_list_2 et_pb_icon_list et_pb_module et_flex_module\">\n<li class=\"et_pb_icon_list_item_2 et_pb_icon_list_item et_pb_module et_flex_module\"><span class=\"et-pb-icon\">\uf00d<\/span><div class=\"et_pb_icon_list_text\">Des donn\u00e9es ou incompl\u00e8tes dans les mod\u00e8les entra\u00eenent des erreurs dans les phases de planification ult\u00e9rieures.<\/div><\/li>\n<\/ul>\n\n<ul class=\"et_pb_icon_list_3 et_pb_icon_list et_pb_module et_flex_module\">\n<li class=\"et_pb_icon_list_item_3 et_pb_icon_list_item et_pb_module et_flex_module\"><span class=\"et-pb-icon\">\uf00d<\/span><div class=\"et_pb_icon_list_text\">Der \u00dcbergang von der Planung zum Betrieb geht mit Datenverlust einher.<\/div><\/li>\n<\/ul>\n\n<ul class=\"et_pb_icon_list_4 et_pb_icon_list et_pb_module et_flex_module\">\n<li class=\"et_pb_icon_list_item_4 et_pb_icon_list_item et_pb_module et_flex_module\"><span class=\"et-pb-icon\">\uf00d<\/span><div class=\"et_pb_icon_list_text\">Les fiches locaux et les listes des \u00e9l\u00e9ments de construction sont longs \u00e0 \u00e9tablir et deviennent rapidement obsol\u00e8tes.<\/div><\/li>\n<\/ul>\n<\/div>\n<\/div>\n<\/div>\n\n<div class=\"et_pb_section_3 et_pb_section et_section_regular et_flex_section\">\n<div class=\"et_pb_row_4 et_pb_row et_flex_row preset--module--divi-row--default\">\n<div class=\"et_pb_column_5 et_pb_column et-last-child et_flex_column et_pb_css_mix_blend_mode_passthrough et_flex_column_24_24 et_flex_column_24_24_tablet et_flex_column_24_24_phone\">\n<div class=\"et_pb_heading_1 et_pb_heading et_pb_module et_flex_module preset--module--divi-heading--default\"><div class=\"et_pb_heading_container\"><h1 class=\"et_pb_module_header\">Ce que BuildingOne peut faire pour vous<\/h1><\/div><\/div>\n\n<div class=\"et_pb_text_6 et_pb_text et_pb_bg_layout_light et_pb_module et_flex_module preset--module--divi-text--default\"><div class=\"et_pb_text_inner\"><h3>\ud83d\udccb Fiches locaux directement \u00e0 partir du mod\u00e8le<\/h3>\n<p>Fini les listes Excel mises \u00e0 jour manuellement. BuildingOne lit les donn\u00e9es de vos pi\u00e8ces directement \u00e0 partir du mod\u00e8le 3D et cr\u00e9e des fiches locaux structur\u00e9es et toujours \u00e0 jour, de mani\u00e8re automatique et coh\u00e9rente. <em>(<a href=\"https:\/\/onetools-project.lu\/fr\/raumbuch\/\">\u2192 En savoir plus sur les fiches locaux<\/a>)<\/em><\/p>\n<h3>\ud83d\udd29 Listes de composants avec suivi complet des modifications<\/h3>\n<p>Welches Bauteil wurde wann ge\u00e4ndert? Von wem? BuildingOne dokumentiert alle \u00c4nderungen nachvollziehbar und h\u00e4lt Ihre Bauteil-Listen stets auf dem aktuellen Stand \u2013 zuverl\u00e4ssig \u00fcber alle Planungsphasen hinweg. <em>(<a href=\"https:\/\/onetools-project.lu\/fr\/bauteil-listen-anderungsverfolgung-mit-buildingone\/\">\u2192 En savoir plus sur les listes de composants<\/a>)<\/em><\/p>\n<h3>\u2705 Une qualit\u00e9 des donn\u00e9es qui vous fait avancer<\/h3>\n<p>La qualit\u00e9 d'un mod\u00e8le 3D d\u00e9pend de la qualit\u00e9 des donn\u00e9es qu'il contient. BuildingOne v\u00e9rifie l'exhaustivit\u00e9 et la coh\u00e9rence des donn\u00e9es de votre mod\u00e8le afin que vous puissiez d\u00e9tecter les erreurs avant qu'elles ne deviennent un probl\u00e8me. <em>(<a href=\"https:\/\/onetools-project.lu\/fr\/datenkontrolle-mit-buildingone\/\">\u2192 En savoir plus sur le contr\u00f4le des donn\u00e9es<\/a>)<\/em><\/p>\n<h3>\ud83d\udd17 Int\u00e9gration BIM transparente<\/h3>\n<p><em>BuildingOne verbindet sich bidirektional mit Revit, ArchiCAD und Vectorworks \u2013 ohne Datenverlust. \u00c4nderungen im Modell spiegeln sich in BuildingOne wider und umgekehrt. (\u2192 Mehr zur BIM-Integration)<\/em><\/p>\n<\/div><\/div>\n<\/div>\n<\/div>\n\n<div class=\"et_pb_row_5 et_pb_row et_flex_row preset--module--divi-row--default\">\n<div class=\"et_pb_column_6 et_pb_column et-last-child et_flex_column et_pb_css_mix_blend_mode_passthrough et_flex_column_24_24 et_flex_column_24_24_tablet et_flex_column_24_24_phone\">\n<div class=\"et_pb_heading_2 et_pb_heading et_pb_module et_flex_module preset--module--divi-heading--default\"><div class=\"et_pb_heading_container\"><h1 class=\"et_pb_module_header\">Con\u00e7u pour la r\u00e9alit\u00e9 de la planification \u2013 pas seulement pour le bureau<\/h1><\/div><\/div>\n\n<div class=\"et_pb_text_7 et_pb_text et_pb_bg_layout_light et_pb_module et_flex_module preset--module--divi-text--default\"><div class=\"et_pb_text_inner\"><p>BuildingOne n'a pas \u00e9t\u00e9 con\u00e7u sur une planche \u00e0 dessin. L'int\u00e9gration BIM et les fonctions de gestion des donn\u00e9es ont \u00e9t\u00e9 d\u00e9velopp\u00e9es en \u00e9troite collaboration avec des bureaux d'\u00e9tudes confront\u00e9s quotidiennement aux d\u00e9fis pos\u00e9s par des projets de construction complexes. Le r\u00e9sultat est une solution qui fonctionne r\u00e9ellement dans la pratique quotidienne de la planification et qui transf\u00e8re en toute s\u00e9curit\u00e9 les donn\u00e9es g\u00e9n\u00e9r\u00e9es pendant la planification vers l'exploitation.<\/p>\n<\/div><\/div>\n\n<div class=\"et_pb_divider_0 et_pb_divider et_pb_space et_pb_divider_position_top et_pb_module\"><div class=\"et_pb_divider_internal\"><\/div><\/div>\n\n<div class=\"et_pb_heading_3 et_pb_heading et_pb_module et_flex_module preset--module--divi-heading--default\"><div class=\"et_pb_heading_container\"><h1 class=\"et_pb_module_header\">Souhaitez-vous d\u00e9couvrir comment BuildingOne simplifie vos processus de planification ?<\/h1><\/div><\/div>\n\n<div class=\"et_pb_group_1 et_pb_group et-last-child et_pb_module et_flex_group et_pb_css_mix_blend_mode_passthrough\">\n<div class=\"et_pb_text_8 et_pb_text et_pb_bg_layout_light et_pb_module et_flex_module preset--module--divi-text--default\"><div class=\"et_pb_text_inner\"><p>\ud83d\udc49<\/p>\n<\/div><\/div>\n\n<div class=\"et_pb_module et_pb_button_module_wrapper et_pb_button_1_wrapper\"><a class=\"et_pb_button_1 et_pb_button et_pb_bg_layout_light et_pb_module et_flex_module\" href=\"mailto:info@onetools-project.lu?subject=Anfrage%20Demo%20BuildingOne\" target=\"_blank\">Demande de d\u00e9mo<\/a><\/div>\n<\/div>\n<\/div>\n<\/div>\n<\/div>","protected":false},"excerpt":{"rendered":"","protected":false},"author":2,"featured_media":0,"parent":0,"menu_order":0,"comment_status":"closed","ping_status":"closed","template":"","meta":{"iawp_total_views":75,"footnotes":""},"dipi_cpt_category":[],"class_list":["post-97","page","type-page","status-publish","hentry"],"_links":{"self":[{"href":"https:\/\/onetools-project.lu\/fr\/wp-json\/wp\/v2\/pages\/97","targetHints":{"allow":["GET"]}}],"collection":[{"href":"https:\/\/onetools-project.lu\/fr\/wp-json\/wp\/v2\/pages"}],"about":[{"href":"https:\/\/onetools-project.lu\/fr\/wp-json\/wp\/v2\/types\/page"}],"author":[{"embeddable":true,"href":"https:\/\/onetools-project.lu\/fr\/wp-json\/wp\/v2\/users\/2"}],"replies":[{"embeddable":true,"href":"https:\/\/onetools-project.lu\/fr\/wp-json\/wp\/v2\/comments?post=97"}],"version-history":[{"count":33,"href":"https:\/\/onetools-project.lu\/fr\/wp-json\/wp\/v2\/pages\/97\/revisions"}],"predecessor-version":[{"id":695,"href":"https:\/\/onetools-project.lu\/fr\/wp-json\/wp\/v2\/pages\/97\/revisions\/695"}],"wp:attachment":[{"href":"https:\/\/onetools-project.lu\/fr\/wp-json\/wp\/v2\/media?parent=97"}],"wp:term":[{"taxonomy":"dipi_cpt_category","embeddable":true,"href":"https:\/\/onetools-project.lu\/fr\/wp-json\/wp\/v2\/dipi_cpt_category?post=97"}],"curies":[{"name":"wp","href":"https:\/\/api.w.org\/{rel}","templated":true}]}}